{"id":1572,"date":"2023-05-19T09:30:27","date_gmt":"2023-05-19T09:30:27","guid":{"rendered":"https:\/\/amsel.es\/politica-de-privacitat\/"},"modified":"2023-09-26T06:37:24","modified_gmt":"2023-09-26T06:37:24","slug":"politica-de-privacitat","status":"publish","type":"page","link":"https:\/\/amsel.es\/ca\/politica-de-privacitat\/","title":{"rendered":"Pol\u00edtica de privacitat"},"content":{"rendered":"\t\t<div data-elementor-type=\"wp-page\" data-elementor-id=\"1572\" class=\"elementor elementor-1572 elementor-641\" data-elementor-post-type=\"page\">\n\t\t\t\t<div class=\"elementor-element elementor-element-bf0dd95 e-con-full e-flex e-con e-parent\" data-id=\"bf0dd95\" data-element_type=\"container\">\n\t\t\t\t<div class=\"elementor-element elementor-element-280506e elementor-widget elementor-widget-slider_revolution\" data-id=\"280506e\" data-element_type=\"widget\" data-widget_type=\"slider_revolution.default\">\n\t\t\t\t<div class=\"elementor-widget-container\">\n\t\t\t\t\t\n\t\t<div class=\"wp-block-themepunch-revslider\">\n\t\t\t<!-- START Legal REVOLUTION SLIDER 6.7.35 --><p class=\"rs-p-wp-fix\"><\/p>\n\t\t\t<rs-module-wrap id=\"rev_slider_9_1_wrapper\" data-source=\"gallery\" style=\"visibility:hidden;background:transparent;padding:0;margin:0px auto;margin-top:0;margin-bottom:0;\">\n\t\t\t\t<rs-module id=\"rev_slider_9_1\" style=\"\" data-version=\"6.7.35\">\n\t\t\t\t\t<rs-slides style=\"overflow: hidden; position: absolute;\">\n\t\t\t\t\t\t<rs-slide style=\"position: absolute;\" data-key=\"rs-16\" data-title=\"Slide\" data-in=\"o:0;\" data-out=\"a:false;\">\n\t\t\t\t\t\t\t<img decoding=\"async\" src=\"\/\/amsel.es\/wp-content\/plugins\/revslider\/sr6\/assets\/assets\/dummy.png\" alt=\"Slide\" title=\"Pol\u00edtica de privacitat\" class=\"rev-slidebg tp-rs-img rs-lazyload\" data-lazyload=\"\/\/amsel.es\/wp-content\/plugins\/revslider\/sr6\/assets\/assets\/transparent.png\" data-no-retina>\n<!--\n\t\t\t\t\t\t\t--><rs-layer\n\t\t\t\t\t\t\t\tid=\"slider-9-slide-16-layer-0\" \n\t\t\t\t\t\t\t\tdata-type=\"image\"\n\t\t\t\t\t\t\t\tdata-rsp_ch=\"on\"\n\t\t\t\t\t\t\t\tdata-xy=\"x:c;y:m;\"\n\t\t\t\t\t\t\t\tdata-text=\"w:normal;s:20,20,20,5;l:0,0,0,7;\"\n\t\t\t\t\t\t\t\tdata-dim=\"w:[&#039;100%&#039;,&#039;100%&#039;,&#039;100%&#039;,&#039;100%&#039;];h:[&#039;100%&#039;,&#039;100%&#039;,&#039;100%&#039;,&#039;100%&#039;];\"\n\t\t\t\t\t\t\t\tdata-frame_999=\"o:0;st:w;\"\n\t\t\t\t\t\t\t\tstyle=\"z-index:6;\"\n\t\t\t\t\t\t\t><img fetchpriority=\"high\" decoding=\"async\" src=\"\/\/amsel.es\/wp-content\/plugins\/revslider\/sr6\/assets\/assets\/dummy.png\" alt=\"\" class=\"tp-rs-img rs-lazyload\" width=\"1900\" height=\"690\" data-lazyload=\"\/\/amsel.es\/wp-content\/uploads\/2023\/05\/AMSEL-00_HOME-01.jpg\" data-c=\"cover-proportional\" data-no-retina> \n\t\t\t\t\t\t\t<\/rs-layer><!--\n-->\t\t\t\t\t<\/rs-slide>\n\t\t\t\t\t<\/rs-slides>\n\t\t\t\t<\/rs-module>\n\t\t\t\t<script>\n\t\t\t\t\tsetREVStartSize({c: 'rev_slider_9_1',rl:[1240,1240,1240,480],el:[550,550,550,720],gw:[1600,1600,1600,480],gh:[550,550,550,500],type:'carousel',justify:'',layout:'fullwidth',mh:\"0\"});if (window.RS_MODULES!==undefined && window.RS_MODULES.modules!==undefined && window.RS_MODULES.modules[\"revslider91\"]!==undefined) {window.RS_MODULES.modules[\"revslider91\"].once = false;window.revapi9 = undefined;if (window.RS_MODULES.checkMinimal!==undefined) window.RS_MODULES.checkMinimal()}\n\t\t\t\t<\/script>\n\t\t\t<\/rs-module-wrap>\n\t\t\t<!-- END REVOLUTION SLIDER -->\n<\/div>\n\n\t\t\t\t\t\t<\/div>\n\t\t\t\t<\/div>\n\t\t\t\t<\/div>\n\t\t<div class=\"elementor-element elementor-element-b25d746 e-flex e-con-boxed e-con e-parent\" data-id=\"b25d746\" data-element_type=\"container\" id=\"historia\">\n\t\t\t\t\t<div class=\"e-con-inner\">\n\t\t\t\t<div class=\"elementor-element elementor-element-6b8b96f elementor-widget elementor-widget-heading\" data-id=\"6b8b96f\" data-element_type=\"widget\" data-widget_type=\"heading.default\">\n\t\t\t\t<div class=\"elementor-widget-container\">\n\t\t\t\t\t<h2 class=\"elementor-heading-title elementor-size-default\">Pol\u00edtica de privacitat<\/h2>\t\t\t\t<\/div>\n\t\t\t\t<\/div>\n\t\t\t\t<div class=\"elementor-element elementor-element-62a2115 elementor-widget elementor-widget-text-editor\" data-id=\"62a2115\" data-element_type=\"widget\" data-widget_type=\"text-editor.default\">\n\t\t\t\t<div class=\"elementor-widget-container\">\n\t\t\t\t\t\t\t\t\t<p>Gracias por acceder a nuestro sitio web en Internet.<\/p>\n<div>\n<p>Este documento regula el uso del servicio que Amsel Assessors facilita a los usuarios de Internet. La utilizaci\u00f3n de este sitio web supone la aceptaci\u00f3n de dichas condiciones, que en cualquier momento podr\u00e1n ser modificadas por Amsel Assessors<\/p>\n<h2>Protecci\u00f3n de datos<\/h2>\n<p>Sus datos ser\u00e1n tratados por AMSEL ASSESSORS, S. L. con la finalidad de poder suministrarle la informaci\u00f3n que nos ha solicitado. No ser\u00e1n comunicados a terceros ni se utilizar\u00e1n para ninguna otra finalidad.<\/p>\n<p>En cumplimiento de la normativa (UE) 2016\/679 Reglamento General de Protecci\u00f3n de Datos, le informamos que puede ejercer su derecho de acceso, rectificaci\u00f3n, supresi\u00f3n u oposici\u00f3n, enviando un correo electr\u00f3nico a la direcci\u00f3n: <a href=\"mailto:mvilaseca@amsel.es\">mvilaseca@amsel.es<\/a> o bien enviando un escrito por correo postal a la direcci\u00f3n: Cl Santa Marta, 7-9, primer piso, 08302 Matar\u00f3. En ambos casos debe adjuntar fotocopia del DNI, NIE o pasaporte para la comprobaci\u00f3n de su identidad.<\/p>\n<p>Tambi\u00e9n le informamos que puede presentar una reclamaci\u00f3n ante la Agencia Espa\u00f1ola de Protecci\u00f3n de Datos si considera que se han visto vulnerados sus derechos.\u201d<\/p>\n<p>Sus datos ser\u00e1n conservados durante dos a\u00f1os, siendo destruidos una vez finalizado este plazo a no ser que contin\u00fae existiendo una relaci\u00f3n de servicios o ejerza usted su derecho de supresi\u00f3n antes de esa fecha.<\/p>\n<h2>Propiedad Intelectual<\/h2>\n<p>Este sitio web y sus contenidos se encuentran protegidos por las leyes espa\u00f1olas e internacionales sobre propiedad Intelectual e Industrial.<\/p>\n<p>Queda expresamente prohibida la reproducci\u00f3n total o parcial de este sitio web sin el permiso expreso y por escrito de Amsel Assessors<\/p>\n<h2>Informaci\u00f3n Ley 34\/2002<\/h2>\n<p>En cumplimiento con lo establecido en la Ley 34\/2002, de 11 de julio, de Servicios de la Sociedad de la Informaci\u00f3n, los datos de informaci\u00f3n general de este sitio web son:<\/p>\n<ul>\n<li>Amsel Assessors<\/li>\n<li>Inscrita bajo la denominaci\u00f3n de Amsel Assessors, en el registro Mercantil de Barcelona, Tomo 25871, Folio 113, Fulla B96340<\/li>\n<li>CIF n\u00famero B60310711<\/li>\n<li>C\/ Santa Marta 7-9, E-08302 Matar\u00f3 Barcelona<\/li>\n<li>Correo electr\u00f3nico: <a href=\"mailto:info@amsel.es\">info@amsel.es<\/a><\/li>\n<\/ul>\n<h2>Informaci\u00f3n referente al uso de la direcci\u00f3n de contacto ofrecida en la p\u00e1gina web<\/h2>\n<p>El env\u00edo de un correo electr\u00f3nico utilizando las direcciones de contacto que aparecen en la p\u00e1gina implica el consentimiento expreso del usuario para el uso por Amsel Assessors, de su direcci\u00f3n de correo electr\u00f3nico con el fin de dar respuesta a su consulta mediante el env\u00edo de correo electr\u00f3nico as\u00ed como, en su caso, para darle una respuesta por otro medio de comunicaci\u00f3n electr\u00f3nica equivalente al correo electr\u00f3nico.<\/p>\n<h2>Cl\u00e1usula de derechos de autor y derechos de propiedad industrial<\/h2>\n<p>Corresponde a Amsel Assessors, el ejercicio exclusivo de los derechos de autor referentes a esta p\u00e1gina web y cualquier acto de distribuci\u00f3n o comunicaci\u00f3n p\u00fablica, reproducci\u00f3n o almacenamiento total o parcial, debe realizarse con el previo consentimiento de los responsables de Amsel Assessors<\/p>\n<p>Esta p\u00e1gina web contiene enlaces (links) a otras p\u00e1ginas web gestionadas por terceros. El objetivo de estos enlaces es el de facilitar a los usuarios de otras fuentes de informaci\u00f3n existentes en la red que puedan serles de inter\u00e9s. Amsel Assessors, no se hace en ning\u00fan caso responsable de la informaci\u00f3n referenciada en estos links por lo que el usuario accede bajo su exclusiva responsabilidad al contenido y en las condiciones de uso que rijan en los mismos.<\/p>\n<p>Amsel Assessors no garantiza que su sitio web se encuentre siempre operativo, ni que sus contenidos sean completos o exactos de forma permanente.<\/p>\n<p>Amsel Assessors no se hace responsable de los da\u00f1os o perjuicios, directos o indirectos, derivados del uso o de la informaci\u00f3n descrita en este sitio web.<\/p>\n<p>Por tanto, Amsel Assessors se reserva el derecho de modificar las especificaciones de los productos y servicios de este sitio web.<\/p>\n<\/div>\n\t\t\t\t\t\t\t\t<\/div>\n\t\t\t\t<\/div>\n\t\t\t\t\t<\/div>\n\t\t\t\t<\/div>\n\t\t\t\t<\/div>\n\t\t","protected":false},"excerpt":{"rendered":"<p>Pol\u00edtica de privacitat Gracias por acceder a nuestro sitio web en Internet. Este documento regula el uso del servicio que Amsel Assessors facilita a los usuarios de Internet. La utilizaci\u00f3n de este sitio web supone la aceptaci\u00f3n de dichas condiciones, que en cualquier momento podr\u00e1n ser modificadas por Amsel Assessors Protecci\u00f3n de datos Sus datos [&hellip;]<\/p>\n","protected":false},"author":1,"featured_media":0,"parent":0,"menu_order":0,"comment_status":"closed","ping_status":"closed","template":"","meta":{"_acf_changed":false,"footnotes":""},"class_list":["post-1572","page","type-page","status-publish","hentry"],"acf":[],"yoast_head":"<!-- This site is optimized with the Yoast SEO plugin v25.9 - https:\/\/yoast.com\/wordpress\/plugins\/seo\/ -->\n<title>Pol\u00edtica de privacitat - Amsel Assessors<\/title>\n<meta name=\"robots\" content=\"index, follow, max-snippet:-1, max-image-preview:large, max-video-preview:-1\" \/>\n<link rel=\"canonical\" href=\"https:\/\/amsel.es\/ca\/politica-de-privacitat\/\" \/>\n<meta property=\"og:locale\" content=\"ca_ES\" \/>\n<meta property=\"og:type\" content=\"article\" \/>\n<meta property=\"og:title\" content=\"Pol\u00edtica de privacitat - Amsel Assessors\" \/>\n<meta property=\"og:description\" content=\"Pol\u00edtica de privacitat Gracias por acceder a nuestro sitio web en Internet. Este documento regula el uso del servicio que Amsel Assessors facilita a los usuarios de Internet. La utilizaci\u00f3n de este sitio web supone la aceptaci\u00f3n de dichas condiciones, que en cualquier momento podr\u00e1n ser modificadas por Amsel Assessors Protecci\u00f3n de datos Sus datos [&hellip;]\" \/>\n<meta property=\"og:url\" content=\"https:\/\/amsel.es\/ca\/politica-de-privacitat\/\" \/>\n<meta property=\"og:site_name\" content=\"Amsel Assessors\" \/>\n<meta property=\"article:modified_time\" content=\"2023-09-26T06:37:24+00:00\" \/>\n<meta name=\"twitter:card\" content=\"summary_large_image\" \/>\n<meta name=\"twitter:label1\" content=\"Temps estimat de lectura\" \/>\n\t<meta name=\"twitter:data1\" content=\"3 minuts\" \/>\n<script type=\"application\/ld+json\" class=\"yoast-schema-graph\">{\"@context\":\"https:\/\/schema.org\",\"@graph\":[{\"@type\":\"WebPage\",\"@id\":\"https:\/\/amsel.es\/ca\/politica-de-privacitat\/\",\"url\":\"https:\/\/amsel.es\/ca\/politica-de-privacitat\/\",\"name\":\"Pol\u00edtica de privacitat - Amsel Assessors\",\"isPartOf\":{\"@id\":\"https:\/\/amsel.es\/ca\/#website\"},\"datePublished\":\"2023-05-19T09:30:27+00:00\",\"dateModified\":\"2023-09-26T06:37:24+00:00\",\"breadcrumb\":{\"@id\":\"https:\/\/amsel.es\/ca\/politica-de-privacitat\/#breadcrumb\"},\"inLanguage\":\"ca\",\"potentialAction\":[{\"@type\":\"ReadAction\",\"target\":[\"https:\/\/amsel.es\/ca\/politica-de-privacitat\/\"]}]},{\"@type\":\"BreadcrumbList\",\"@id\":\"https:\/\/amsel.es\/ca\/politica-de-privacitat\/#breadcrumb\",\"itemListElement\":[{\"@type\":\"ListItem\",\"position\":1,\"name\":\"Portada\",\"item\":\"https:\/\/amsel.es\/ca\/\"},{\"@type\":\"ListItem\",\"position\":2,\"name\":\"Pol\u00edtica de privacitat\"}]},{\"@type\":\"WebSite\",\"@id\":\"https:\/\/amsel.es\/ca\/#website\",\"url\":\"https:\/\/amsel.es\/ca\/\",\"name\":\"Amsel Assessors\",\"description\":\"\",\"publisher\":{\"@id\":\"https:\/\/amsel.es\/ca\/#organization\"},\"potentialAction\":[{\"@type\":\"SearchAction\",\"target\":{\"@type\":\"EntryPoint\",\"urlTemplate\":\"https:\/\/amsel.es\/ca\/?s={search_term_string}\"},\"query-input\":{\"@type\":\"PropertyValueSpecification\",\"valueRequired\":true,\"valueName\":\"search_term_string\"}}],\"inLanguage\":\"ca\"},{\"@type\":\"Organization\",\"@id\":\"https:\/\/amsel.es\/ca\/#organization\",\"name\":\"Amsel Assessors\",\"url\":\"https:\/\/amsel.es\/ca\/\",\"logo\":{\"@type\":\"ImageObject\",\"inLanguage\":\"ca\",\"@id\":\"https:\/\/amsel.es\/ca\/#\/schema\/logo\/image\/\",\"url\":\"https:\/\/amsel.es\/wp-content\/uploads\/2023\/04\/logo3.png\",\"contentUrl\":\"https:\/\/amsel.es\/wp-content\/uploads\/2023\/04\/logo3.png\",\"width\":199,\"height\":84,\"caption\":\"Amsel Assessors\"},\"image\":{\"@id\":\"https:\/\/amsel.es\/ca\/#\/schema\/logo\/image\/\"}}]}<\/script>\n<!-- \/ Yoast SEO plugin. -->","yoast_head_json":{"title":"Pol\u00edtica de privacitat - Amsel Assessors","robots":{"index":"index","follow":"follow","max-snippet":"max-snippet:-1","max-image-preview":"max-image-preview:large","max-video-preview":"max-video-preview:-1"},"canonical":"https:\/\/amsel.es\/ca\/politica-de-privacitat\/","og_locale":"ca_ES","og_type":"article","og_title":"Pol\u00edtica de privacitat - Amsel Assessors","og_description":"Pol\u00edtica de privacitat Gracias por acceder a nuestro sitio web en Internet. Este documento regula el uso del servicio que Amsel Assessors facilita a los usuarios de Internet. La utilizaci\u00f3n de este sitio web supone la aceptaci\u00f3n de dichas condiciones, que en cualquier momento podr\u00e1n ser modificadas por Amsel Assessors Protecci\u00f3n de datos Sus datos [&hellip;]","og_url":"https:\/\/amsel.es\/ca\/politica-de-privacitat\/","og_site_name":"Amsel Assessors","article_modified_time":"2023-09-26T06:37:24+00:00","twitter_card":"summary_large_image","twitter_misc":{"Temps estimat de lectura":"3 minuts"},"schema":{"@context":"https:\/\/schema.org","@graph":[{"@type":"WebPage","@id":"https:\/\/amsel.es\/ca\/politica-de-privacitat\/","url":"https:\/\/amsel.es\/ca\/politica-de-privacitat\/","name":"Pol\u00edtica de privacitat - Amsel Assessors","isPartOf":{"@id":"https:\/\/amsel.es\/ca\/#website"},"datePublished":"2023-05-19T09:30:27+00:00","dateModified":"2023-09-26T06:37:24+00:00","breadcrumb":{"@id":"https:\/\/amsel.es\/ca\/politica-de-privacitat\/#breadcrumb"},"inLanguage":"ca","potentialAction":[{"@type":"ReadAction","target":["https:\/\/amsel.es\/ca\/politica-de-privacitat\/"]}]},{"@type":"BreadcrumbList","@id":"https:\/\/amsel.es\/ca\/politica-de-privacitat\/#breadcrumb","itemListElement":[{"@type":"ListItem","position":1,"name":"Portada","item":"https:\/\/amsel.es\/ca\/"},{"@type":"ListItem","position":2,"name":"Pol\u00edtica de privacitat"}]},{"@type":"WebSite","@id":"https:\/\/amsel.es\/ca\/#website","url":"https:\/\/amsel.es\/ca\/","name":"Amsel Assessors","description":"","publisher":{"@id":"https:\/\/amsel.es\/ca\/#organization"},"potentialAction":[{"@type":"SearchAction","target":{"@type":"EntryPoint","urlTemplate":"https:\/\/amsel.es\/ca\/?s={search_term_string}"},"query-input":{"@type":"PropertyValueSpecification","valueRequired":true,"valueName":"search_term_string"}}],"inLanguage":"ca"},{"@type":"Organization","@id":"https:\/\/amsel.es\/ca\/#organization","name":"Amsel Assessors","url":"https:\/\/amsel.es\/ca\/","logo":{"@type":"ImageObject","inLanguage":"ca","@id":"https:\/\/amsel.es\/ca\/#\/schema\/logo\/image\/","url":"https:\/\/amsel.es\/wp-content\/uploads\/2023\/04\/logo3.png","contentUrl":"https:\/\/amsel.es\/wp-content\/uploads\/2023\/04\/logo3.png","width":199,"height":84,"caption":"Amsel Assessors"},"image":{"@id":"https:\/\/amsel.es\/ca\/#\/schema\/logo\/image\/"}}]}},"_links":{"self":[{"href":"https:\/\/amsel.es\/ca\/wp-json\/wp\/v2\/pages\/1572","targetHints":{"allow":["GET"]}}],"collection":[{"href":"https:\/\/amsel.es\/ca\/wp-json\/wp\/v2\/pages"}],"about":[{"href":"https:\/\/amsel.es\/ca\/wp-json\/wp\/v2\/types\/page"}],"author":[{"embeddable":true,"href":"https:\/\/amsel.es\/ca\/wp-json\/wp\/v2\/users\/1"}],"replies":[{"embeddable":true,"href":"https:\/\/amsel.es\/ca\/wp-json\/wp\/v2\/comments?post=1572"}],"version-history":[{"count":2,"href":"https:\/\/amsel.es\/ca\/wp-json\/wp\/v2\/pages\/1572\/revisions"}],"predecessor-version":[{"id":2701,"href":"https:\/\/amsel.es\/ca\/wp-json\/wp\/v2\/pages\/1572\/revisions\/2701"}],"wp:attachment":[{"href":"https:\/\/amsel.es\/ca\/wp-json\/wp\/v2\/media?parent=1572"}],"curies":[{"name":"wp","href":"https:\/\/api.w.org\/{rel}","templated":true}]}}