{"id":1595,"date":"2023-05-17T11:30:37","date_gmt":"2023-05-17T11:30:37","guid":{"rendered":"https:\/\/amsel.es\/historia\/"},"modified":"2023-12-18T10:05:46","modified_gmt":"2023-12-18T10:05:46","slug":"historia","status":"publish","type":"page","link":"https:\/\/amsel.es\/ca\/historia\/","title":{"rendered":"Hist\u00f2ria"},"content":{"rendered":"\t\t<div data-elementor-type=\"wp-page\" data-elementor-id=\"1595\" class=\"elementor elementor-1595 elementor-407\" data-elementor-post-type=\"page\">\n\t\t\t\t<div class=\"elementor-element elementor-element-10b55e6 e-con-full e-flex e-con e-parent\" data-id=\"10b55e6\" data-element_type=\"container\">\n\t\t\t\t<div class=\"elementor-element elementor-element-3c53e80 elementor-widget elementor-widget-slider_revolution\" data-id=\"3c53e80\" data-element_type=\"widget\" data-widget_type=\"slider_revolution.default\">\n\t\t\t\t<div class=\"elementor-widget-container\">\n\t\t\t\t\t\n\t\t<div class=\"wp-block-themepunch-revslider\">\n\t\t\t<!-- START Historia REVOLUTION SLIDER 6.7.35 --><p class=\"rs-p-wp-fix\"><\/p>\n\t\t\t<rs-module-wrap id=\"rev_slider_11_1_wrapper\" data-source=\"gallery\" style=\"visibility:hidden;background:transparent;padding:0;margin:0px auto;margin-top:0;margin-bottom:0;\">\n\t\t\t\t<rs-module id=\"rev_slider_11_1\" style=\"\" data-version=\"6.7.35\">\n\t\t\t\t\t<rs-slides style=\"overflow: hidden; position: absolute;\">\n\t\t\t\t\t\t<rs-slide style=\"position: absolute;\" data-key=\"rs-73\" data-title=\"Equipo multidisciplinario\" data-link=\"\/\/amsel.es\/contacto\/\" data-tag=\"l\" data-target=\"_self\" data-seoz=\"front\" data-in=\"o:0;\" data-out=\"a:false;\">\n\t\t\t\t\t\t\t<img decoding=\"async\" src=\"\/\/amsel.es\/wp-content\/plugins\/revslider\/sr6\/assets\/assets\/dummy.png\" alt=\"Equipo multidisciplinario\" title=\"Hist\u00f2ria\" class=\"rev-slidebg tp-rs-img rs-lazyload\" data-lazyload=\"\/\/amsel.es\/wp-content\/plugins\/revslider\/sr6\/assets\/assets\/transparent.png\" data-no-retina>\n<!--\n\t\t\t\t\t\t\t--><rs-group\n\t\t\t\t\t\t\t\tid=\"slider-11-slide-73-layer-3\" \n\t\t\t\t\t\t\t\tdata-type=\"group\"\n\t\t\t\t\t\t\t\tdata-rsp_ch=\"on\"\n\t\t\t\t\t\t\t\tdata-xy=\"x:c;y:m;\"\n\t\t\t\t\t\t\t\tdata-text=\"w:normal;s:20,20,20,4;l:0,0,0,6;\"\n\t\t\t\t\t\t\t\tdata-dim=\"w:950px,950px,950px,434px;h:146px,146px,146px,100px;\"\n\t\t\t\t\t\t\t\tdata-frame_0=\"o:1;\"\n\t\t\t\t\t\t\t\tdata-frame_999=\"o:0;st:w;sA:9000;\"\n\t\t\t\t\t\t\t\tstyle=\"z-index:7;\"\n\t\t\t\t\t\t\t><!--\n\t\t\t\t\t\t\t\t--><rs-layer\n\t\t\t\t\t\t\t\t\tid=\"slider-11-slide-73-layer-1\" \n\t\t\t\t\t\t\t\t\tdata-type=\"text\"\n\t\t\t\t\t\t\t\t\tdata-bsh=\"c:rgba(0,0,0,0.5);\"\n\t\t\t\t\t\t\t\t\tdata-rsp_ch=\"on\"\n\t\t\t\t\t\t\t\t\tdata-xy=\"y:b;\"\n\t\t\t\t\t\t\t\t\tdata-pos=\"a\"\n\t\t\t\t\t\t\t\t\tdata-text=\"w:normal;s:81,81,81,36;l:91,91,91,46;\"\n\t\t\t\t\t\t\t\t\tdata-dim=\"w:auto,auto,auto,100%;\"\n\t\t\t\t\t\t\t\t\tdata-frame_999=\"o:0;st:w;\"\n\t\t\t\t\t\t\t\t\tstyle=\"z-index:7;font-family:'Frank Ruhl Libre';\"\n\t\t\t\t\t\t\t\t>multidisciplinari \n\t\t\t\t\t\t\t\t<\/rs-layer><!--\n\n\t\t\t\t\t\t\t\t--><rs-layer\n\t\t\t\t\t\t\t\t\tid=\"slider-11-slide-73-layer-2\" \n\t\t\t\t\t\t\t\t\tdata-type=\"text\"\n\t\t\t\t\t\t\t\t\tdata-bsh=\"c:rgba(0,0,0,0.5);\"\n\t\t\t\t\t\t\t\t\tdata-rsp_ch=\"on\"\n\t\t\t\t\t\t\t\t\tdata-xy=\"\"\n\t\t\t\t\t\t\t\t\tdata-pos=\"a\"\n\t\t\t\t\t\t\t\t\tdata-text=\"w:normal;s:41,41,41,36;l:55,55,55,46;\"\n\t\t\t\t\t\t\t\t\tdata-dim=\"w:auto,auto,auto,100%;\"\n\t\t\t\t\t\t\t\t\tdata-frame_999=\"o:0;st:w;\"\n\t\t\t\t\t\t\t\t\tstyle=\"z-index:6;font-family:'Frank Ruhl Libre';\"\n\t\t\t\t\t\t\t\t>Som un equip \n\t\t\t\t\t\t\t\t<\/rs-layer><!--\n\t\t\t\t\t\t\t--><\/rs-group><!--\n\n\t\t\t\t\t\t\t--><rs-layer\n\t\t\t\t\t\t\t\tid=\"slider-11-slide-73-layer-0\" \n\t\t\t\t\t\t\t\tdata-type=\"image\"\n\t\t\t\t\t\t\t\tdata-rsp_ch=\"on\"\n\t\t\t\t\t\t\t\tdata-xy=\"x:c;y:m;\"\n\t\t\t\t\t\t\t\tdata-text=\"w:normal;s:20,20,20,4;l:0,0,0,6;\"\n\t\t\t\t\t\t\t\tdata-dim=\"w:[&#039;100%&#039;,&#039;100%&#039;,&#039;100%&#039;,&#039;100%&#039;];h:[&#039;100%&#039;,&#039;100%&#039;,&#039;100%&#039;,&#039;100%&#039;];\"\n\t\t\t\t\t\t\t\tdata-basealign=\"slide\"\n\t\t\t\t\t\t\t\tdata-frame_999=\"o:0;st:w;\"\n\t\t\t\t\t\t\t\tstyle=\"z-index:6;\"\n\t\t\t\t\t\t\t><img fetchpriority=\"high\" decoding=\"async\" src=\"\/\/amsel.es\/wp-content\/plugins\/revslider\/sr6\/assets\/assets\/dummy.png\" alt=\"\" class=\"tp-rs-img rs-lazyload\" width=\"1527\" height=\"462\" data-lazyload=\"\/\/amsel.es\/wp-content\/uploads\/2023\/09\/slide_historia.png\" data-c=\"cover-proportional\" data-no-retina> \n\t\t\t\t\t\t\t<\/rs-layer><!--\n-->\t\t\t\t\t<\/rs-slide>\n\t\t\t\t\t<\/rs-slides>\n\t\t\t\t<\/rs-module>\n\t\t\t\t<script>\n\t\t\t\t\tsetREVStartSize({c: 'rev_slider_11_1',rl:[1240,1240,1240,480],el:[620,620,620,500],gw:[2560,2560,2560,480],gh:[620,620,620,500],type:'carousel',justify:'',layout:'fullwidth',mh:\"0\"});if (window.RS_MODULES!==undefined && window.RS_MODULES.modules!==undefined && window.RS_MODULES.modules[\"revslider111\"]!==undefined) {window.RS_MODULES.modules[\"revslider111\"].once = false;window.revapi11 = undefined;if (window.RS_MODULES.checkMinimal!==undefined) window.RS_MODULES.checkMinimal()}\n\t\t\t\t<\/script>\n\t\t\t<\/rs-module-wrap>\n\t\t\t<!-- END REVOLUTION SLIDER -->\n<\/div>\n\n\t\t\t\t\t\t<\/div>\n\t\t\t\t<\/div>\n\t\t\t\t<\/div>\n\t\t<div class=\"elementor-element elementor-element-4c11754 e-flex e-con-boxed e-con e-parent\" data-id=\"4c11754\" data-element_type=\"container\">\n\t\t\t\t\t<div class=\"e-con-inner\">\n\t\t\t\t<div class=\"elementor-element elementor-element-9578a95 elementor-widget elementor-widget-heading\" data-id=\"9578a95\" data-element_type=\"widget\" data-widget_type=\"heading.default\">\n\t\t\t\t<div class=\"elementor-widget-container\">\n\t\t\t\t\t<h2 class=\"elementor-heading-title elementor-size-default\">Hist\u00f2ria<\/h2>\t\t\t\t<\/div>\n\t\t\t\t<\/div>\n\t\t\t\t<div class=\"elementor-element elementor-element-f6c1725 elementor-widget elementor-widget-text-editor\" data-id=\"f6c1725\" data-element_type=\"widget\" data-widget_type=\"text-editor.default\">\n\t\t\t\t<div class=\"elementor-widget-container\">\n\t\t\t\t\t\t\t\t\t<p>AMSEL, fundat el 1986 per Valent\u00ed Vilaseca F\u00e0bregas, es configura com un despatx professional de serveis d&#8217;assessorament a empreses i particulars a l&#8217;\u00e0mbit fiscal, comptable i de gesti\u00f3. <\/p>\n\t\t\t\t\t\t\t\t<\/div>\n\t\t\t\t<\/div>\n\t\t\t\t<div class=\"elementor-element elementor-element-402b684 elementor-widget elementor-widget-text-editor\" data-id=\"402b684\" data-element_type=\"widget\" data-widget_type=\"text-editor.default\">\n\t\t\t\t<div class=\"elementor-widget-container\">\n\t\t\t\t\t\t\t\t\t<p>Conformem un despatx professional format per economistes, advocats i altres professionals de l&#8217;\u00e0mbit de les finances de contrastada experi\u00e8ncia i elevada preparaci\u00f3 que satisfan les necessitats d&#8217;empreses i particulars a l&#8217;\u00e0mbit fiscal, comptable i mercantil.<\/p>\t\t\t\t\t\t\t\t<\/div>\n\t\t\t\t<\/div>\n\t\t\t\t<div class=\"elementor-element elementor-element-1aa9b35 elementor-widget__width-initial elementor-widget elementor-widget-text-editor\" data-id=\"1aa9b35\" data-element_type=\"widget\" data-widget_type=\"text-editor.default\">\n\t\t\t\t<div class=\"elementor-widget-container\">\n\t\t\t\t\t\t\t\t\t<p>La qualitat t\u00e8cnica, la rapidesa i el tracte personalitzat defineixen la nostra manera de treballar.<\/p>\t\t\t\t\t\t\t\t<\/div>\n\t\t\t\t<\/div>\n\t\t\t\t<div class=\"elementor-element elementor-element-0e9fe6a elementor-widget elementor-widget-image\" data-id=\"0e9fe6a\" data-element_type=\"widget\" data-widget_type=\"image.default\">\n\t\t\t\t<div class=\"elementor-widget-container\">\n\t\t\t\t\t\t\t\t\t\t\t\t\t\t\t<img decoding=\"async\" width=\"1144\" height=\"1443\" src=\"https:\/\/amsel.es\/wp-content\/uploads\/2023\/09\/diagrama1.png\" class=\"attachment-full size-full wp-image-1883\" alt=\"\" srcset=\"https:\/\/amsel.es\/wp-content\/uploads\/2023\/09\/diagrama1.png 1144w, https:\/\/amsel.es\/wp-content\/uploads\/2023\/09\/diagrama1-238x300.png 238w, https:\/\/amsel.es\/wp-content\/uploads\/2023\/09\/diagrama1-812x1024.png 812w, https:\/\/amsel.es\/wp-content\/uploads\/2023\/09\/diagrama1-768x969.png 768w\" sizes=\"(max-width: 1144px) 100vw, 1144px\" \/>\t\t\t\t\t\t\t\t\t\t\t\t\t\t\t<\/div>\n\t\t\t\t<\/div>\n\t\t\t\t\t<\/div>\n\t\t\t\t<\/div>\n\t\t<div class=\"elementor-element elementor-element-572b278 e-flex e-con-boxed e-con e-parent\" data-id=\"572b278\" data-element_type=\"container\" data-settings=\"{&quot;background_background&quot;:&quot;classic&quot;}\">\n\t\t\t\t\t<div class=\"e-con-inner\">\n\t\t\t\t<div class=\"elementor-element elementor-element-714188d elementor-widget elementor-widget-heading\" data-id=\"714188d\" data-element_type=\"widget\" data-widget_type=\"heading.default\">\n\t\t\t\t<div class=\"elementor-widget-container\">\n\t\t\t\t\t<h2 class=\"elementor-heading-title elementor-size-default\">La nostra missi\u00f3: <\/h2>\t\t\t\t<\/div>\n\t\t\t\t<\/div>\n\t\t\t\t<div class=\"elementor-element elementor-element-574112e elementor-widget__width-initial elementor-widget-mobile__width-inherit elementor-widget elementor-widget-heading\" data-id=\"574112e\" data-element_type=\"widget\" data-widget_type=\"heading.default\">\n\t\t\t\t<div class=\"elementor-widget-container\">\n\t\t\t\t\t<h2 class=\"elementor-heading-title elementor-size-default\">Donar solucions de forma\nsenzilla i \u00e0gil.<\/h2>\t\t\t\t<\/div>\n\t\t\t\t<\/div>\n\t\t\t\t\t<\/div>\n\t\t\t\t<\/div>\n\t\t\t\t<\/div>\n\t\t","protected":false},"excerpt":{"rendered":"<p>Hist\u00f2ria AMSEL, fundat el 1986 per Valent\u00ed Vilaseca F\u00e0bregas, es configura com un despatx professional de serveis d&#8217;assessorament a empreses i particulars a l&#8217;\u00e0mbit fiscal, comptable i de gesti\u00f3. Conformem un despatx professional format per economistes, advocats i altres professionals de l&#8217;\u00e0mbit de les finances de contrastada experi\u00e8ncia i elevada preparaci\u00f3 que satisfan les necessitats [&hellip;]<\/p>\n","protected":false},"author":1,"featured_media":0,"parent":0,"menu_order":0,"comment_status":"closed","ping_status":"closed","template":"","meta":{"_acf_changed":false,"footnotes":""},"class_list":["post-1595","page","type-page","status-publish","hentry"],"acf":[],"yoast_head":"<!-- This site is optimized with the Yoast SEO plugin v25.9 - https:\/\/yoast.com\/wordpress\/plugins\/seo\/ -->\n<title>Hist\u00f2ria - Amsel Assessors<\/title>\n<meta name=\"robots\" content=\"index, follow, max-snippet:-1, max-image-preview:large, max-video-preview:-1\" \/>\n<link rel=\"canonical\" href=\"https:\/\/amsel.es\/ca\/historia\/\" \/>\n<meta property=\"og:locale\" content=\"ca_ES\" \/>\n<meta property=\"og:type\" content=\"article\" \/>\n<meta property=\"og:title\" content=\"Hist\u00f2ria - Amsel Assessors\" \/>\n<meta property=\"og:description\" content=\"Hist\u00f2ria AMSEL, fundat el 1986 per Valent\u00ed Vilaseca F\u00e0bregas, es configura com un despatx professional de serveis d&#8217;assessorament a empreses i particulars a l&#8217;\u00e0mbit fiscal, comptable i de gesti\u00f3. Conformem un despatx professional format per economistes, advocats i altres professionals de l&#8217;\u00e0mbit de les finances de contrastada experi\u00e8ncia i elevada preparaci\u00f3 que satisfan les necessitats [&hellip;]\" \/>\n<meta property=\"og:url\" content=\"https:\/\/amsel.es\/ca\/historia\/\" \/>\n<meta property=\"og:site_name\" content=\"Amsel Assessors\" \/>\n<meta property=\"article:modified_time\" content=\"2023-12-18T10:05:46+00:00\" \/>\n<meta property=\"og:image\" content=\"https:\/\/amsel.es\/wp-content\/uploads\/2023\/09\/diagrama1.png\" \/>\n<meta name=\"twitter:card\" content=\"summary_large_image\" \/>\n<meta name=\"twitter:label1\" content=\"Temps estimat de lectura\" \/>\n\t<meta name=\"twitter:data1\" content=\"1 minut\" \/>\n<script type=\"application\/ld+json\" class=\"yoast-schema-graph\">{\"@context\":\"https:\/\/schema.org\",\"@graph\":[{\"@type\":\"WebPage\",\"@id\":\"https:\/\/amsel.es\/ca\/historia\/\",\"url\":\"https:\/\/amsel.es\/ca\/historia\/\",\"name\":\"Hist\u00f2ria - Amsel Assessors\",\"isPartOf\":{\"@id\":\"https:\/\/amsel.es\/ca\/#website\"},\"primaryImageOfPage\":{\"@id\":\"https:\/\/amsel.es\/ca\/historia\/#primaryimage\"},\"image\":{\"@id\":\"https:\/\/amsel.es\/ca\/historia\/#primaryimage\"},\"thumbnailUrl\":\"https:\/\/amsel.es\/wp-content\/uploads\/2023\/09\/diagrama1.png\",\"datePublished\":\"2023-05-17T11:30:37+00:00\",\"dateModified\":\"2023-12-18T10:05:46+00:00\",\"breadcrumb\":{\"@id\":\"https:\/\/amsel.es\/ca\/historia\/#breadcrumb\"},\"inLanguage\":\"ca\",\"potentialAction\":[{\"@type\":\"ReadAction\",\"target\":[\"https:\/\/amsel.es\/ca\/historia\/\"]}]},{\"@type\":\"ImageObject\",\"inLanguage\":\"ca\",\"@id\":\"https:\/\/amsel.es\/ca\/historia\/#primaryimage\",\"url\":\"https:\/\/amsel.es\/wp-content\/uploads\/2023\/09\/diagrama1.png\",\"contentUrl\":\"https:\/\/amsel.es\/wp-content\/uploads\/2023\/09\/diagrama1.png\"},{\"@type\":\"BreadcrumbList\",\"@id\":\"https:\/\/amsel.es\/ca\/historia\/#breadcrumb\",\"itemListElement\":[{\"@type\":\"ListItem\",\"position\":1,\"name\":\"Portada\",\"item\":\"https:\/\/amsel.es\/ca\/\"},{\"@type\":\"ListItem\",\"position\":2,\"name\":\"Hist\u00f2ria\"}]},{\"@type\":\"WebSite\",\"@id\":\"https:\/\/amsel.es\/ca\/#website\",\"url\":\"https:\/\/amsel.es\/ca\/\",\"name\":\"Amsel Assessors\",\"description\":\"\",\"publisher\":{\"@id\":\"https:\/\/amsel.es\/ca\/#organization\"},\"potentialAction\":[{\"@type\":\"SearchAction\",\"target\":{\"@type\":\"EntryPoint\",\"urlTemplate\":\"https:\/\/amsel.es\/ca\/?s={search_term_string}\"},\"query-input\":{\"@type\":\"PropertyValueSpecification\",\"valueRequired\":true,\"valueName\":\"search_term_string\"}}],\"inLanguage\":\"ca\"},{\"@type\":\"Organization\",\"@id\":\"https:\/\/amsel.es\/ca\/#organization\",\"name\":\"Amsel Assessors\",\"url\":\"https:\/\/amsel.es\/ca\/\",\"logo\":{\"@type\":\"ImageObject\",\"inLanguage\":\"ca\",\"@id\":\"https:\/\/amsel.es\/ca\/#\/schema\/logo\/image\/\",\"url\":\"https:\/\/amsel.es\/wp-content\/uploads\/2023\/04\/logo3.png\",\"contentUrl\":\"https:\/\/amsel.es\/wp-content\/uploads\/2023\/04\/logo3.png\",\"width\":199,\"height\":84,\"caption\":\"Amsel Assessors\"},\"image\":{\"@id\":\"https:\/\/amsel.es\/ca\/#\/schema\/logo\/image\/\"}}]}<\/script>\n<!-- \/ Yoast SEO plugin. -->","yoast_head_json":{"title":"Hist\u00f2ria - Amsel Assessors","robots":{"index":"index","follow":"follow","max-snippet":"max-snippet:-1","max-image-preview":"max-image-preview:large","max-video-preview":"max-video-preview:-1"},"canonical":"https:\/\/amsel.es\/ca\/historia\/","og_locale":"ca_ES","og_type":"article","og_title":"Hist\u00f2ria - Amsel Assessors","og_description":"Hist\u00f2ria AMSEL, fundat el 1986 per Valent\u00ed Vilaseca F\u00e0bregas, es configura com un despatx professional de serveis d&#8217;assessorament a empreses i particulars a l&#8217;\u00e0mbit fiscal, comptable i de gesti\u00f3. Conformem un despatx professional format per economistes, advocats i altres professionals de l&#8217;\u00e0mbit de les finances de contrastada experi\u00e8ncia i elevada preparaci\u00f3 que satisfan les necessitats [&hellip;]","og_url":"https:\/\/amsel.es\/ca\/historia\/","og_site_name":"Amsel Assessors","article_modified_time":"2023-12-18T10:05:46+00:00","og_image":[{"url":"https:\/\/amsel.es\/wp-content\/uploads\/2023\/09\/diagrama1.png","type":"","width":"","height":""}],"twitter_card":"summary_large_image","twitter_misc":{"Temps estimat de lectura":"1 minut"},"schema":{"@context":"https:\/\/schema.org","@graph":[{"@type":"WebPage","@id":"https:\/\/amsel.es\/ca\/historia\/","url":"https:\/\/amsel.es\/ca\/historia\/","name":"Hist\u00f2ria - Amsel Assessors","isPartOf":{"@id":"https:\/\/amsel.es\/ca\/#website"},"primaryImageOfPage":{"@id":"https:\/\/amsel.es\/ca\/historia\/#primaryimage"},"image":{"@id":"https:\/\/amsel.es\/ca\/historia\/#primaryimage"},"thumbnailUrl":"https:\/\/amsel.es\/wp-content\/uploads\/2023\/09\/diagrama1.png","datePublished":"2023-05-17T11:30:37+00:00","dateModified":"2023-12-18T10:05:46+00:00","breadcrumb":{"@id":"https:\/\/amsel.es\/ca\/historia\/#breadcrumb"},"inLanguage":"ca","potentialAction":[{"@type":"ReadAction","target":["https:\/\/amsel.es\/ca\/historia\/"]}]},{"@type":"ImageObject","inLanguage":"ca","@id":"https:\/\/amsel.es\/ca\/historia\/#primaryimage","url":"https:\/\/amsel.es\/wp-content\/uploads\/2023\/09\/diagrama1.png","contentUrl":"https:\/\/amsel.es\/wp-content\/uploads\/2023\/09\/diagrama1.png"},{"@type":"BreadcrumbList","@id":"https:\/\/amsel.es\/ca\/historia\/#breadcrumb","itemListElement":[{"@type":"ListItem","position":1,"name":"Portada","item":"https:\/\/amsel.es\/ca\/"},{"@type":"ListItem","position":2,"name":"Hist\u00f2ria"}]},{"@type":"WebSite","@id":"https:\/\/amsel.es\/ca\/#website","url":"https:\/\/amsel.es\/ca\/","name":"Amsel Assessors","description":"","publisher":{"@id":"https:\/\/amsel.es\/ca\/#organization"},"potentialAction":[{"@type":"SearchAction","target":{"@type":"EntryPoint","urlTemplate":"https:\/\/amsel.es\/ca\/?s={search_term_string}"},"query-input":{"@type":"PropertyValueSpecification","valueRequired":true,"valueName":"search_term_string"}}],"inLanguage":"ca"},{"@type":"Organization","@id":"https:\/\/amsel.es\/ca\/#organization","name":"Amsel Assessors","url":"https:\/\/amsel.es\/ca\/","logo":{"@type":"ImageObject","inLanguage":"ca","@id":"https:\/\/amsel.es\/ca\/#\/schema\/logo\/image\/","url":"https:\/\/amsel.es\/wp-content\/uploads\/2023\/04\/logo3.png","contentUrl":"https:\/\/amsel.es\/wp-content\/uploads\/2023\/04\/logo3.png","width":199,"height":84,"caption":"Amsel Assessors"},"image":{"@id":"https:\/\/amsel.es\/ca\/#\/schema\/logo\/image\/"}}]}},"_links":{"self":[{"href":"https:\/\/amsel.es\/ca\/wp-json\/wp\/v2\/pages\/1595","targetHints":{"allow":["GET"]}}],"collection":[{"href":"https:\/\/amsel.es\/ca\/wp-json\/wp\/v2\/pages"}],"about":[{"href":"https:\/\/amsel.es\/ca\/wp-json\/wp\/v2\/types\/page"}],"author":[{"embeddable":true,"href":"https:\/\/amsel.es\/ca\/wp-json\/wp\/v2\/users\/1"}],"replies":[{"embeddable":true,"href":"https:\/\/amsel.es\/ca\/wp-json\/wp\/v2\/comments?post=1595"}],"version-history":[{"count":16,"href":"https:\/\/amsel.es\/ca\/wp-json\/wp\/v2\/pages\/1595\/revisions"}],"predecessor-version":[{"id":4416,"href":"https:\/\/amsel.es\/ca\/wp-json\/wp\/v2\/pages\/1595\/revisions\/4416"}],"wp:attachment":[{"href":"https:\/\/amsel.es\/ca\/wp-json\/wp\/v2\/media?parent=1595"}],"curies":[{"name":"wp","href":"https:\/\/api.w.org\/{rel}","templated":true}]}}