{"id":2784,"date":"2023-09-22T12:19:08","date_gmt":"2023-09-22T12:19:08","guid":{"rendered":"https:\/\/amsel.es\/sectors\/alimentacio-i-begudes\/"},"modified":"2023-10-20T10:48:40","modified_gmt":"2023-10-20T10:48:40","slug":"alimentacio-i-begudes","status":"publish","type":"page","link":"https:\/\/amsel.es\/ca\/sectors\/alimentacio-i-begudes\/","title":{"rendered":"Alimentaci\u00f3 i Begudes"},"content":{"rendered":"\t\t<div data-elementor-type=\"wp-page\" data-elementor-id=\"2784\" class=\"elementor elementor-2784 elementor-2508\" data-elementor-post-type=\"page\">\n\t\t\t\t<div class=\"elementor-element elementor-element-7aec524 e-con-full e-flex e-con e-parent\" data-id=\"7aec524\" data-element_type=\"container\">\n\t\t\t\t<div class=\"elementor-element elementor-element-3440377 elementor-widget elementor-widget-slider_revolution\" data-id=\"3440377\" data-element_type=\"widget\" data-widget_type=\"slider_revolution.default\">\n\t\t\t\t<div class=\"elementor-widget-container\">\n\t\t\t\t\t\n\t\t<div class=\"wp-block-themepunch-revslider\">\n\t\t\t<!-- START Alimentaci\u00f3n y Bebidas REVOLUTION SLIDER 6.7.35 --><p class=\"rs-p-wp-fix\"><\/p>\n\t\t\t<rs-module-wrap id=\"rev_slider_23_1_wrapper\" data-source=\"gallery\" style=\"visibility:hidden;background:transparent;padding:0;margin:0px auto;margin-top:0;margin-bottom:0;\">\n\t\t\t\t<rs-module id=\"rev_slider_23_1\" style=\"\" data-version=\"6.7.35\">\n\t\t\t\t\t<rs-slides style=\"overflow: hidden; position: absolute;\">\n\t\t\t\t\t\t<rs-slide style=\"position: absolute;\" data-key=\"rs-58\" data-title=\"Equipo multidisciplinario\" data-link=\"\/\/amsel.es\/contacto\/\" data-tag=\"l\" data-target=\"_self\" data-seoz=\"front\" data-in=\"o:0;\" data-out=\"a:false;\">\n\t\t\t\t\t\t\t<img decoding=\"async\" src=\"\/\/amsel.es\/wp-content\/plugins\/revslider\/sr6\/assets\/assets\/dummy.png\" alt=\"Equipo multidisciplinario\" title=\"Alimentaci\u00f3 i Begudes\" class=\"rev-slidebg tp-rs-img rs-lazyload\" data-lazyload=\"\/\/amsel.es\/wp-content\/plugins\/revslider\/sr6\/assets\/assets\/transparent.png\" data-no-retina>\n<!--\n\t\t\t\t\t\t\t--><rs-layer\n\t\t\t\t\t\t\t\tid=\"slider-23-slide-58-layer-0\" \n\t\t\t\t\t\t\t\tdata-type=\"image\"\n\t\t\t\t\t\t\t\tdata-rsp_ch=\"on\"\n\t\t\t\t\t\t\t\tdata-xy=\"x:c;xo:-2px,-2px,-2px,0;y:m;yo:35px,35px,35px,0;\"\n\t\t\t\t\t\t\t\tdata-text=\"w:normal;s:20,20,20,4;l:0,0,0,6;\"\n\t\t\t\t\t\t\t\tdata-dim=\"w:[&#039;100%&#039;,&#039;100%&#039;,&#039;100%&#039;,&#039;100%&#039;];h:[&#039;100%&#039;,&#039;100%&#039;,&#039;100%&#039;,&#039;100%&#039;];\"\n\t\t\t\t\t\t\t\tdata-basealign=\"slide\"\n\t\t\t\t\t\t\t\tdata-frame_999=\"o:0;st:w;\"\n\t\t\t\t\t\t\t\tstyle=\"z-index:6;\"\n\t\t\t\t\t\t\t><img fetchpriority=\"high\" decoding=\"async\" src=\"\/\/amsel.es\/wp-content\/plugins\/revslider\/sr6\/assets\/assets\/dummy.png\" alt=\"\" class=\"tp-rs-img rs-lazyload\" width=\"2560\" height=\"1707\" data-lazyload=\"\/\/amsel.es\/wp-content\/uploads\/2023\/10\/ALIMENTACIO-I-BEGUDES_amsel-scaled.jpg\" data-c=\"cover-proportional\" data-no-retina> \n\t\t\t\t\t\t\t<\/rs-layer><!--\n-->\t\t\t\t\t<\/rs-slide>\n\t\t\t\t\t<\/rs-slides>\n\t\t\t\t<\/rs-module>\n\t\t\t\t<script>\n\t\t\t\t\tsetREVStartSize({c: 'rev_slider_23_1',rl:[1240,1240,1240,480],el:[620,620,620,500],gw:[2560,2560,2560,480],gh:[620,620,620,500],type:'carousel',justify:'',layout:'fullwidth',mh:\"0\"});if (window.RS_MODULES!==undefined && window.RS_MODULES.modules!==undefined && window.RS_MODULES.modules[\"revslider231\"]!==undefined) {window.RS_MODULES.modules[\"revslider231\"].once = false;window.revapi23 = undefined;if (window.RS_MODULES.checkMinimal!==undefined) window.RS_MODULES.checkMinimal()}\n\t\t\t\t<\/script>\n\t\t\t<\/rs-module-wrap>\n\t\t\t<!-- END REVOLUTION SLIDER -->\n<\/div>\n\n\t\t\t\t\t\t<\/div>\n\t\t\t\t<\/div>\n\t\t\t\t<\/div>\n\t\t<div class=\"elementor-element elementor-element-8221ad3 e-flex e-con-boxed e-con e-parent\" data-id=\"8221ad3\" data-element_type=\"container\">\n\t\t\t\t\t<div class=\"e-con-inner\">\n\t\t\t\t<div class=\"elementor-element elementor-element-89a25f7 elementor-widget elementor-widget-heading\" data-id=\"89a25f7\" data-element_type=\"widget\" data-widget_type=\"heading.default\">\n\t\t\t\t<div class=\"elementor-widget-container\">\n\t\t\t\t\t<h3 class=\"elementor-heading-title elementor-size-default\">Sector<\/h3>\t\t\t\t<\/div>\n\t\t\t\t<\/div>\n\t\t\t\t<div class=\"elementor-element elementor-element-f35c594 elementor-widget elementor-widget-heading\" data-id=\"f35c594\" data-element_type=\"widget\" data-widget_type=\"heading.default\">\n\t\t\t\t<div class=\"elementor-widget-container\">\n\t\t\t\t\t<h2 class=\"elementor-heading-title elementor-size-default\">Alimentaci\u00f3 i Begudes<\/h2>\t\t\t\t<\/div>\n\t\t\t\t<\/div>\n\t\t\t\t\t<\/div>\n\t\t\t\t<\/div>\n\t\t<div class=\"elementor-element elementor-element-66b7292 e-flex e-con-boxed e-con e-parent\" data-id=\"66b7292\" data-element_type=\"container\">\n\t\t\t\t\t<div class=\"e-con-inner\">\n\t\t<div class=\"elementor-element elementor-element-877432f e-con-full e-flex e-con e-child\" data-id=\"877432f\" data-element_type=\"container\">\n\t\t\t\t<div class=\"elementor-element elementor-element-769753a elementor-widget elementor-widget-heading\" data-id=\"769753a\" data-element_type=\"widget\" data-widget_type=\"heading.default\">\n\t\t\t\t<div class=\"elementor-widget-container\">\n\t\t\t\t\t<h4 class=\"elementor-heading-title elementor-size-default\">Fiscalitat + Comptabilitat<\/h4>\t\t\t\t<\/div>\n\t\t\t\t<\/div>\n\t\t\t\t<div class=\"elementor-element elementor-element-630cd25 elementor-widget elementor-widget-text-editor\" data-id=\"630cd25\" data-element_type=\"widget\" data-widget_type=\"text-editor.default\">\n\t\t\t\t<div class=\"elementor-widget-container\">\n\t\t\t\t\t\t\t\t\t<ul>\n<li>C\u00e0lcul, Confecci\u00f3, Revisi\u00f3 declaraci\u00f3 peri\u00f2diques i anuals.<\/li>\n<li>Presentaci\u00f3 de declaracions informatives.<\/li>\n<li>Assessorament fiscal societari.<\/li>\n<li>Seguiment evoluci\u00f3 obligacions tribut\u00e0ries.<\/li>\n<li>Assessorament fiscal internacional.<\/li>\n<li>Atenci\u00f3 expedients Departaments Gesti\u00f3 i Inspecci\u00f3.<\/li>\n<li>Seguiment expedients Departament Recaptaci\u00f3.<\/li>\n<li>Assessorament comptable aplicaci\u00f3 PGCE.<\/li>\n<li>Confecci\u00f3 comptabilitat financera (Outsourcing comptabilitat).<\/li>\n<li>Confecci\u00f3 Estats Financers.<\/li>\n<li>Elaboraci\u00f3 i Dip\u00f2sit Comptes Anuals.<\/li>\n<li>Coordinaci\u00f3 Comptabilitat-Auditoria.<\/li>\n<li>Disseny Pla Comptabilitat Empresa<\/li>\n<\/ul>\n\t\t\t\t\t\t\t\t<\/div>\n\t\t\t\t<\/div>\n\t\t\t\t<\/div>\n\t\t\t\t\t<\/div>\n\t\t\t\t<\/div>\n\t\t\t\t<\/div>\n\t\t","protected":false},"excerpt":{"rendered":"<p>Sector Alimentaci\u00f3 i Begudes Fiscalitat + Comptabilitat C\u00e0lcul, Confecci\u00f3, Revisi\u00f3 declaraci\u00f3 peri\u00f2diques i anuals. Presentaci\u00f3 de declaracions informatives. Assessorament fiscal societari. Seguiment evoluci\u00f3 obligacions tribut\u00e0ries. Assessorament fiscal internacional. Atenci\u00f3 expedients Departaments Gesti\u00f3 i Inspecci\u00f3. Seguiment expedients Departament Recaptaci\u00f3. Assessorament comptable aplicaci\u00f3 PGCE. Confecci\u00f3 comptabilitat financera (Outsourcing comptabilitat). Confecci\u00f3 Estats Financers. Elaboraci\u00f3 i Dip\u00f2sit Comptes Anuals. [&hellip;]<\/p>\n","protected":false},"author":1,"featured_media":0,"parent":2776,"menu_order":0,"comment_status":"closed","ping_status":"closed","template":"","meta":{"_acf_changed":false,"footnotes":""},"class_list":["post-2784","page","type-page","status-publish","hentry"],"acf":[],"yoast_head":"<!-- This site is optimized with the Yoast SEO plugin v25.9 - https:\/\/yoast.com\/wordpress\/plugins\/seo\/ -->\n<title>Alimentaci\u00f3 i Begudes - Amsel Assessors<\/title>\n<meta name=\"robots\" content=\"index, follow, max-snippet:-1, max-image-preview:large, max-video-preview:-1\" \/>\n<link rel=\"canonical\" href=\"https:\/\/amsel.es\/ca\/sectors\/alimentacio-i-begudes\/\" \/>\n<meta property=\"og:locale\" content=\"ca_ES\" \/>\n<meta property=\"og:type\" content=\"article\" \/>\n<meta property=\"og:title\" content=\"Alimentaci\u00f3 i Begudes - Amsel Assessors\" \/>\n<meta property=\"og:description\" content=\"Sector Alimentaci\u00f3 i Begudes Fiscalitat + Comptabilitat C\u00e0lcul, Confecci\u00f3, Revisi\u00f3 declaraci\u00f3 peri\u00f2diques i anuals. Presentaci\u00f3 de declaracions informatives. Assessorament fiscal societari. Seguiment evoluci\u00f3 obligacions tribut\u00e0ries. Assessorament fiscal internacional. Atenci\u00f3 expedients Departaments Gesti\u00f3 i Inspecci\u00f3. Seguiment expedients Departament Recaptaci\u00f3. Assessorament comptable aplicaci\u00f3 PGCE. Confecci\u00f3 comptabilitat financera (Outsourcing comptabilitat). Confecci\u00f3 Estats Financers. Elaboraci\u00f3 i Dip\u00f2sit Comptes Anuals. [&hellip;]\" \/>\n<meta property=\"og:url\" content=\"https:\/\/amsel.es\/ca\/sectors\/alimentacio-i-begudes\/\" \/>\n<meta property=\"og:site_name\" content=\"Amsel Assessors\" \/>\n<meta property=\"article:modified_time\" content=\"2023-10-20T10:48:40+00:00\" \/>\n<meta name=\"twitter:card\" content=\"summary_large_image\" \/>\n<script type=\"application\/ld+json\" class=\"yoast-schema-graph\">{\"@context\":\"https:\/\/schema.org\",\"@graph\":[{\"@type\":\"WebPage\",\"@id\":\"https:\/\/amsel.es\/ca\/sectors\/alimentacio-i-begudes\/\",\"url\":\"https:\/\/amsel.es\/ca\/sectors\/alimentacio-i-begudes\/\",\"name\":\"Alimentaci\u00f3 i Begudes - Amsel Assessors\",\"isPartOf\":{\"@id\":\"https:\/\/amsel.es\/ca\/#website\"},\"datePublished\":\"2023-09-22T12:19:08+00:00\",\"dateModified\":\"2023-10-20T10:48:40+00:00\",\"breadcrumb\":{\"@id\":\"https:\/\/amsel.es\/ca\/sectors\/alimentacio-i-begudes\/#breadcrumb\"},\"inLanguage\":\"ca\",\"potentialAction\":[{\"@type\":\"ReadAction\",\"target\":[\"https:\/\/amsel.es\/ca\/sectors\/alimentacio-i-begudes\/\"]}]},{\"@type\":\"BreadcrumbList\",\"@id\":\"https:\/\/amsel.es\/ca\/sectors\/alimentacio-i-begudes\/#breadcrumb\",\"itemListElement\":[{\"@type\":\"ListItem\",\"position\":1,\"name\":\"Portada\",\"item\":\"https:\/\/amsel.es\/ca\/\"},{\"@type\":\"ListItem\",\"position\":2,\"name\":\"Sectors\",\"item\":\"https:\/\/amsel.es\/ca\/sectors\/\"},{\"@type\":\"ListItem\",\"position\":3,\"name\":\"Alimentaci\u00f3 i Begudes\"}]},{\"@type\":\"WebSite\",\"@id\":\"https:\/\/amsel.es\/ca\/#website\",\"url\":\"https:\/\/amsel.es\/ca\/\",\"name\":\"Amsel Assessors\",\"description\":\"\",\"publisher\":{\"@id\":\"https:\/\/amsel.es\/ca\/#organization\"},\"potentialAction\":[{\"@type\":\"SearchAction\",\"target\":{\"@type\":\"EntryPoint\",\"urlTemplate\":\"https:\/\/amsel.es\/ca\/?s={search_term_string}\"},\"query-input\":{\"@type\":\"PropertyValueSpecification\",\"valueRequired\":true,\"valueName\":\"search_term_string\"}}],\"inLanguage\":\"ca\"},{\"@type\":\"Organization\",\"@id\":\"https:\/\/amsel.es\/ca\/#organization\",\"name\":\"Amsel Assessors\",\"url\":\"https:\/\/amsel.es\/ca\/\",\"logo\":{\"@type\":\"ImageObject\",\"inLanguage\":\"ca\",\"@id\":\"https:\/\/amsel.es\/ca\/#\/schema\/logo\/image\/\",\"url\":\"https:\/\/amsel.es\/wp-content\/uploads\/2023\/04\/logo3.png\",\"contentUrl\":\"https:\/\/amsel.es\/wp-content\/uploads\/2023\/04\/logo3.png\",\"width\":199,\"height\":84,\"caption\":\"Amsel Assessors\"},\"image\":{\"@id\":\"https:\/\/amsel.es\/ca\/#\/schema\/logo\/image\/\"}}]}<\/script>\n<!-- \/ Yoast SEO plugin. -->","yoast_head_json":{"title":"Alimentaci\u00f3 i Begudes - Amsel Assessors","robots":{"index":"index","follow":"follow","max-snippet":"max-snippet:-1","max-image-preview":"max-image-preview:large","max-video-preview":"max-video-preview:-1"},"canonical":"https:\/\/amsel.es\/ca\/sectors\/alimentacio-i-begudes\/","og_locale":"ca_ES","og_type":"article","og_title":"Alimentaci\u00f3 i Begudes - Amsel Assessors","og_description":"Sector Alimentaci\u00f3 i Begudes Fiscalitat + Comptabilitat C\u00e0lcul, Confecci\u00f3, Revisi\u00f3 declaraci\u00f3 peri\u00f2diques i anuals. Presentaci\u00f3 de declaracions informatives. Assessorament fiscal societari. Seguiment evoluci\u00f3 obligacions tribut\u00e0ries. Assessorament fiscal internacional. Atenci\u00f3 expedients Departaments Gesti\u00f3 i Inspecci\u00f3. Seguiment expedients Departament Recaptaci\u00f3. Assessorament comptable aplicaci\u00f3 PGCE. Confecci\u00f3 comptabilitat financera (Outsourcing comptabilitat). Confecci\u00f3 Estats Financers. Elaboraci\u00f3 i Dip\u00f2sit Comptes Anuals. [&hellip;]","og_url":"https:\/\/amsel.es\/ca\/sectors\/alimentacio-i-begudes\/","og_site_name":"Amsel Assessors","article_modified_time":"2023-10-20T10:48:40+00:00","twitter_card":"summary_large_image","schema":{"@context":"https:\/\/schema.org","@graph":[{"@type":"WebPage","@id":"https:\/\/amsel.es\/ca\/sectors\/alimentacio-i-begudes\/","url":"https:\/\/amsel.es\/ca\/sectors\/alimentacio-i-begudes\/","name":"Alimentaci\u00f3 i Begudes - Amsel Assessors","isPartOf":{"@id":"https:\/\/amsel.es\/ca\/#website"},"datePublished":"2023-09-22T12:19:08+00:00","dateModified":"2023-10-20T10:48:40+00:00","breadcrumb":{"@id":"https:\/\/amsel.es\/ca\/sectors\/alimentacio-i-begudes\/#breadcrumb"},"inLanguage":"ca","potentialAction":[{"@type":"ReadAction","target":["https:\/\/amsel.es\/ca\/sectors\/alimentacio-i-begudes\/"]}]},{"@type":"BreadcrumbList","@id":"https:\/\/amsel.es\/ca\/sectors\/alimentacio-i-begudes\/#breadcrumb","itemListElement":[{"@type":"ListItem","position":1,"name":"Portada","item":"https:\/\/amsel.es\/ca\/"},{"@type":"ListItem","position":2,"name":"Sectors","item":"https:\/\/amsel.es\/ca\/sectors\/"},{"@type":"ListItem","position":3,"name":"Alimentaci\u00f3 i Begudes"}]},{"@type":"WebSite","@id":"https:\/\/amsel.es\/ca\/#website","url":"https:\/\/amsel.es\/ca\/","name":"Amsel Assessors","description":"","publisher":{"@id":"https:\/\/amsel.es\/ca\/#organization"},"potentialAction":[{"@type":"SearchAction","target":{"@type":"EntryPoint","urlTemplate":"https:\/\/amsel.es\/ca\/?s={search_term_string}"},"query-input":{"@type":"PropertyValueSpecification","valueRequired":true,"valueName":"search_term_string"}}],"inLanguage":"ca"},{"@type":"Organization","@id":"https:\/\/amsel.es\/ca\/#organization","name":"Amsel Assessors","url":"https:\/\/amsel.es\/ca\/","logo":{"@type":"ImageObject","inLanguage":"ca","@id":"https:\/\/amsel.es\/ca\/#\/schema\/logo\/image\/","url":"https:\/\/amsel.es\/wp-content\/uploads\/2023\/04\/logo3.png","contentUrl":"https:\/\/amsel.es\/wp-content\/uploads\/2023\/04\/logo3.png","width":199,"height":84,"caption":"Amsel Assessors"},"image":{"@id":"https:\/\/amsel.es\/ca\/#\/schema\/logo\/image\/"}}]}},"_links":{"self":[{"href":"https:\/\/amsel.es\/ca\/wp-json\/wp\/v2\/pages\/2784","targetHints":{"allow":["GET"]}}],"collection":[{"href":"https:\/\/amsel.es\/ca\/wp-json\/wp\/v2\/pages"}],"about":[{"href":"https:\/\/amsel.es\/ca\/wp-json\/wp\/v2\/types\/page"}],"author":[{"embeddable":true,"href":"https:\/\/amsel.es\/ca\/wp-json\/wp\/v2\/users\/1"}],"replies":[{"embeddable":true,"href":"https:\/\/amsel.es\/ca\/wp-json\/wp\/v2\/comments?post=2784"}],"version-history":[{"count":2,"href":"https:\/\/amsel.es\/ca\/wp-json\/wp\/v2\/pages\/2784\/revisions"}],"predecessor-version":[{"id":3790,"href":"https:\/\/amsel.es\/ca\/wp-json\/wp\/v2\/pages\/2784\/revisions\/3790"}],"up":[{"embeddable":true,"href":"https:\/\/amsel.es\/ca\/wp-json\/wp\/v2\/pages\/2776"}],"wp:attachment":[{"href":"https:\/\/amsel.es\/ca\/wp-json\/wp\/v2\/media?parent=2784"}],"curies":[{"name":"wp","href":"https:\/\/api.w.org\/{rel}","templated":true}]}}