{"id":2794,"date":"2023-09-22T12:30:12","date_gmt":"2023-09-22T12:30:12","guid":{"rendered":"https:\/\/amsel.es\/sectors\/farmacies\/"},"modified":"2023-10-20T10:56:09","modified_gmt":"2023-10-20T10:56:09","slug":"farmacies","status":"publish","type":"page","link":"https:\/\/amsel.es\/ca\/sectors\/farmacies\/","title":{"rendered":"Farm\u00e0cies"},"content":{"rendered":"\t\t<div data-elementor-type=\"wp-page\" data-elementor-id=\"2794\" class=\"elementor elementor-2794 elementor-2563\" data-elementor-post-type=\"page\">\n\t\t\t\t<div class=\"elementor-element elementor-element-7aec524 e-con-full e-flex e-con e-parent\" data-id=\"7aec524\" data-element_type=\"container\">\n\t\t\t\t<div class=\"elementor-element elementor-element-3440377 elementor-widget elementor-widget-slider_revolution\" data-id=\"3440377\" data-element_type=\"widget\" data-widget_type=\"slider_revolution.default\">\n\t\t\t\t<div class=\"elementor-widget-container\">\n\t\t\t\t\t\n\t\t<div class=\"wp-block-themepunch-revslider\">\n\t\t\t<!-- START Farmacia REVOLUTION SLIDER 6.7.35 --><p class=\"rs-p-wp-fix\"><\/p>\n\t\t\t<rs-module-wrap id=\"rev_slider_28_1_wrapper\" data-source=\"gallery\" style=\"visibility:hidden;background:transparent;padding:0;margin:0px auto;margin-top:0;margin-bottom:0;\">\n\t\t\t\t<rs-module id=\"rev_slider_28_1\" style=\"\" data-version=\"6.7.35\">\n\t\t\t\t\t<rs-slides style=\"overflow: hidden; position: absolute;\">\n\t\t\t\t\t\t<rs-slide style=\"position: absolute;\" data-key=\"rs-63\" data-title=\"Equipo multidisciplinario\" data-link=\"\/\/amsel.es\/contacto\/\" data-tag=\"l\" data-target=\"_self\" data-seoz=\"front\" data-in=\"o:0;\" data-out=\"a:false;\">\n\t\t\t\t\t\t\t<img decoding=\"async\" src=\"\/\/amsel.es\/wp-content\/plugins\/revslider\/sr6\/assets\/assets\/dummy.png\" alt=\"Equipo multidisciplinario\" title=\"Farm\u00e0cies\" class=\"rev-slidebg tp-rs-img rs-lazyload\" data-lazyload=\"\/\/amsel.es\/wp-content\/plugins\/revslider\/sr6\/assets\/assets\/transparent.png\" data-no-retina>\n<!--\n\t\t\t\t\t\t\t--><rs-group\n\t\t\t\t\t\t\t\tid=\"slider-28-slide-63-layer-3\" \n\t\t\t\t\t\t\t\tdata-type=\"group\"\n\t\t\t\t\t\t\t\tdata-rsp_ch=\"on\"\n\t\t\t\t\t\t\t\tdata-xy=\"x:c;y:m;\"\n\t\t\t\t\t\t\t\tdata-text=\"w:normal;s:20,20,20,4;l:0,0,0,6;\"\n\t\t\t\t\t\t\t\tdata-dim=\"w:950px,950px,950px,434px;h:146px,146px,146px,100px;\"\n\t\t\t\t\t\t\t\tdata-vbility=\"f,f,f,f\"\n\t\t\t\t\t\t\t\tdata-frame_0=\"o:1;\"\n\t\t\t\t\t\t\t\tdata-frame_999=\"o:0;st:w;sA:9000;\"\n\t\t\t\t\t\t\t\tstyle=\"z-index:7;\"\n\t\t\t\t\t\t\t><!--\n\t\t\t\t\t\t\t\t--><rs-layer\n\t\t\t\t\t\t\t\t\tid=\"slider-28-slide-63-layer-1\" \n\t\t\t\t\t\t\t\t\tdata-type=\"text\"\n\t\t\t\t\t\t\t\t\tdata-bsh=\"c:rgba(0,0,0,0.5);\"\n\t\t\t\t\t\t\t\t\tdata-rsp_ch=\"on\"\n\t\t\t\t\t\t\t\t\tdata-xy=\"y:b;\"\n\t\t\t\t\t\t\t\t\tdata-pos=\"a\"\n\t\t\t\t\t\t\t\t\tdata-text=\"w:normal;s:81,81,81,36;l:91,91,91,46;\"\n\t\t\t\t\t\t\t\t\tdata-dim=\"w:auto,auto,auto,100%;\"\n\t\t\t\t\t\t\t\t\tdata-frame_999=\"o:0;st:w;\"\n\t\t\t\t\t\t\t\t\tstyle=\"z-index:7;font-family:'Frank Ruhl Libre';\"\n\t\t\t\t\t\t\t\t>multidisciplinario \n\t\t\t\t\t\t\t\t<\/rs-layer><!--\n\n\t\t\t\t\t\t\t\t--><rs-layer\n\t\t\t\t\t\t\t\t\tid=\"slider-28-slide-63-layer-2\" \n\t\t\t\t\t\t\t\t\tdata-type=\"text\"\n\t\t\t\t\t\t\t\t\tdata-bsh=\"c:rgba(0,0,0,0.5);\"\n\t\t\t\t\t\t\t\t\tdata-rsp_ch=\"on\"\n\t\t\t\t\t\t\t\t\tdata-xy=\"\"\n\t\t\t\t\t\t\t\t\tdata-pos=\"a\"\n\t\t\t\t\t\t\t\t\tdata-text=\"w:normal;s:41,41,41,36;l:55,55,55,46;\"\n\t\t\t\t\t\t\t\t\tdata-dim=\"w:auto,auto,auto,100%;\"\n\t\t\t\t\t\t\t\t\tdata-frame_999=\"o:0;st:w;\"\n\t\t\t\t\t\t\t\t\tstyle=\"z-index:6;font-family:'Frank Ruhl Libre';\"\n\t\t\t\t\t\t\t\t>Somos un equipo \n\t\t\t\t\t\t\t\t<\/rs-layer><!--\n\t\t\t\t\t\t\t--><\/rs-group><!--\n\n\t\t\t\t\t\t\t--><rs-layer\n\t\t\t\t\t\t\t\tid=\"slider-28-slide-63-layer-0\" \n\t\t\t\t\t\t\t\tdata-type=\"image\"\n\t\t\t\t\t\t\t\tdata-rsp_ch=\"on\"\n\t\t\t\t\t\t\t\tdata-xy=\"x:c;xo:-4px,-4px,-4px,0;y:m;yo:-259px,-259px,-259px,0;\"\n\t\t\t\t\t\t\t\tdata-text=\"w:normal;s:20,20,20,4;l:0,0,0,6;\"\n\t\t\t\t\t\t\t\tdata-dim=\"w:[&#039;100%&#039;,&#039;100%&#039;,&#039;100%&#039;,&#039;100%&#039;];h:[&#039;100%&#039;,&#039;100%&#039;,&#039;100%&#039;,&#039;100%&#039;];\"\n\t\t\t\t\t\t\t\tdata-basealign=\"slide\"\n\t\t\t\t\t\t\t\tdata-frame_999=\"o:0;st:w;\"\n\t\t\t\t\t\t\t\tstyle=\"z-index:6;\"\n\t\t\t\t\t\t\t><img fetchpriority=\"high\" decoding=\"async\" src=\"\/\/amsel.es\/wp-content\/plugins\/revslider\/sr6\/assets\/assets\/dummy.png\" alt=\"\" class=\"tp-rs-img rs-lazyload\" width=\"2560\" height=\"1707\" data-lazyload=\"\/\/amsel.es\/wp-content\/uploads\/2023\/10\/FARMACIA_amsel-scaled.jpg\" data-c=\"cover-proportional\" data-no-retina> \n\t\t\t\t\t\t\t<\/rs-layer><!--\n-->\t\t\t\t\t<\/rs-slide>\n\t\t\t\t\t<\/rs-slides>\n\t\t\t\t<\/rs-module>\n\t\t\t\t<script>\n\t\t\t\t\tsetREVStartSize({c: 'rev_slider_28_1',rl:[1240,1240,1240,480],el:[620,620,620,500],gw:[2560,2560,2560,480],gh:[620,620,620,500],type:'carousel',justify:'',layout:'fullwidth',mh:\"0\"});if (window.RS_MODULES!==undefined && window.RS_MODULES.modules!==undefined && window.RS_MODULES.modules[\"revslider281\"]!==undefined) {window.RS_MODULES.modules[\"revslider281\"].once = false;window.revapi28 = undefined;if (window.RS_MODULES.checkMinimal!==undefined) window.RS_MODULES.checkMinimal()}\n\t\t\t\t<\/script>\n\t\t\t<\/rs-module-wrap>\n\t\t\t<!-- END REVOLUTION SLIDER -->\n<\/div>\n\n\t\t\t\t\t\t<\/div>\n\t\t\t\t<\/div>\n\t\t\t\t<\/div>\n\t\t<div class=\"elementor-element elementor-element-8221ad3 e-flex e-con-boxed e-con e-parent\" data-id=\"8221ad3\" data-element_type=\"container\">\n\t\t\t\t\t<div class=\"e-con-inner\">\n\t\t\t\t<div class=\"elementor-element elementor-element-89a25f7 elementor-widget elementor-widget-heading\" data-id=\"89a25f7\" data-element_type=\"widget\" data-widget_type=\"heading.default\">\n\t\t\t\t<div class=\"elementor-widget-container\">\n\t\t\t\t\t<h3 class=\"elementor-heading-title elementor-size-default\">Sector<\/h3>\t\t\t\t<\/div>\n\t\t\t\t<\/div>\n\t\t\t\t<div class=\"elementor-element elementor-element-f35c594 elementor-widget elementor-widget-heading\" data-id=\"f35c594\" data-element_type=\"widget\" data-widget_type=\"heading.default\">\n\t\t\t\t<div class=\"elementor-widget-container\">\n\t\t\t\t\t<h2 class=\"elementor-heading-title elementor-size-default\">Ind\u00fastria farmac\u00e8utica<\/h2>\t\t\t\t<\/div>\n\t\t\t\t<\/div>\n\t\t\t\t\t<\/div>\n\t\t\t\t<\/div>\n\t\t<div class=\"elementor-element elementor-element-66b7292 e-flex e-con-boxed e-con e-parent\" data-id=\"66b7292\" data-element_type=\"container\">\n\t\t\t\t\t<div class=\"e-con-inner\">\n\t\t<div class=\"elementor-element elementor-element-76f2f19 e-con-full e-flex e-con e-child\" data-id=\"76f2f19\" data-element_type=\"container\">\n\t\t\t\t<div class=\"elementor-element elementor-element-93ccb50 elementor-widget elementor-widget-heading\" data-id=\"93ccb50\" data-element_type=\"widget\" data-widget_type=\"heading.default\">\n\t\t\t\t<div class=\"elementor-widget-container\">\n\t\t\t\t\t<h4 class=\"elementor-heading-title elementor-size-default\">Reporting + controlling<\/h4>\t\t\t\t<\/div>\n\t\t\t\t<\/div>\n\t\t\t\t<div class=\"elementor-element elementor-element-0371cb1 elementor-widget elementor-widget-text-editor\" data-id=\"0371cb1\" data-element_type=\"widget\" data-widget_type=\"text-editor.default\">\n\t\t\t\t<div class=\"elementor-widget-container\">\n\t\t\t\t\t\t\t\t\t<ul>\n<li>Informes per a comit\u00e8s de direcci\u00f3.<\/li>\n<li>Disseny de Budget follow-up; seguiment pressupost.<\/li>\n<li>Informes de gesti\u00f3.<\/li>\n<li>Aplicaci\u00f3 als informes est\u00e0ndards internacionals.<\/li>\n<li>Training equip financer en aplicaci\u00f3 BI: soluci\u00f3 Zebra BI.<\/li>\n<li>Budget Follow-up<\/li>\n<\/ul>\n\t\t\t\t\t\t\t\t<\/div>\n\t\t\t\t<\/div>\n\t\t\t\t<\/div>\n\t\t<div class=\"elementor-element elementor-element-86244b8 e-con-full e-flex e-con e-child\" data-id=\"86244b8\" data-element_type=\"container\">\n\t\t\t\t<div class=\"elementor-element elementor-element-075939c elementor-widget elementor-widget-heading\" data-id=\"075939c\" data-element_type=\"widget\" data-widget_type=\"heading.default\">\n\t\t\t\t<div class=\"elementor-widget-container\">\n\t\t\t\t\t<h4 class=\"elementor-heading-title elementor-size-default\">Serveis a Comit\u00e8s Direcci\u00f3<\/h4>\t\t\t\t<\/div>\n\t\t\t\t<\/div>\n\t\t\t\t<div class=\"elementor-element elementor-element-26e9ff4 elementor-widget elementor-widget-text-editor\" data-id=\"26e9ff4\" data-element_type=\"widget\" data-widget_type=\"text-editor.default\">\n\t\t\t\t<div class=\"elementor-widget-container\">\n\t\t\t\t\t\t\t\t\t<ul>\n<li>Seguiment evoluci\u00f3 indicadors.<\/li>\n<li>Seguiment evoluci\u00f3 estats financers.<\/li>\n<li>Seguiment evoluci\u00f3 tresoreria i endeutament.<\/li>\n<li>Seguiment evoluci\u00f3 sectorial mitjan\u00e7ant benchmarking.<\/li>\n<\/ul>\n\t\t\t\t\t\t\t\t<\/div>\n\t\t\t\t<\/div>\n\t\t\t\t<\/div>\n\t\t<div class=\"elementor-element elementor-element-877432f e-con-full e-flex e-con e-child\" data-id=\"877432f\" data-element_type=\"container\">\n\t\t\t\t<div class=\"elementor-element elementor-element-9f3bbdb elementor-widget elementor-widget-heading\" data-id=\"9f3bbdb\" data-element_type=\"widget\" data-widget_type=\"heading.default\">\n\t\t\t\t<div class=\"elementor-widget-container\">\n\t\t\t\t\t<h4 class=\"elementor-heading-title elementor-size-default\">Fiscalitat + Comptabilitat<\/h4>\t\t\t\t<\/div>\n\t\t\t\t<\/div>\n\t\t\t\t<div class=\"elementor-element elementor-element-f6abe06 elementor-widget elementor-widget-text-editor\" data-id=\"f6abe06\" data-element_type=\"widget\" data-widget_type=\"text-editor.default\">\n\t\t\t\t<div class=\"elementor-widget-container\">\n\t\t\t\t\t\t\t\t\t<ul>\n<li>C\u00e0lcul, Confecci\u00f3, Revisi\u00f3 declaraci\u00f3 peri\u00f2diques i anuals.<\/li>\n<li>Presentaci\u00f3 de declaracions informatives.<\/li>\n<li>Assessorament fiscal societari.<\/li>\n<li>Planificaci\u00f3 fiscal segons el Codi de bones pr\u00e0ctiques tribut\u00e0ries.<\/li>\n<li>Seguiment evoluci\u00f3 obligacions tribut\u00e0ries.<\/li>\n<li>Assessorament fiscal internacional.<\/li>\n<li>Atenci\u00f3 expedients Departaments Gesti\u00f3 i Inspecci\u00f3.<\/li>\n<li>Seguiment expedients Departament Recaptaci\u00f3.<\/li>\n<li>Italian desk.<\/li>\n<li>SII (Suport Subministrament Immediat d&#8217;Informaci\u00f3 Tribut\u00e0ria).<\/li>\n<li>Assessorament comptable aplicaci\u00f3 PGCE.<\/li>\n<li>Confecci\u00f3 comptabilitat financera (Outsourcing comptabilitat).<\/li>\n<li>Confecci\u00f3 Estats Financers.<\/li>\n<li>Elaboraci\u00f3 i Dip\u00f2sit Comptes Anuals.<\/li>\n<li>Coordinaci\u00f3 Comptabilitat-Auditoria.<\/li>\n<\/ul>\n\t\t\t\t\t\t\t\t<\/div>\n\t\t\t\t<\/div>\n\t\t\t\t<\/div>\n\t\t\t\t\t<\/div>\n\t\t\t\t<\/div>\n\t\t\t\t<\/div>\n\t\t","protected":false},"excerpt":{"rendered":"<p>Sector Ind\u00fastria farmac\u00e8utica Reporting + controlling Informes per a comit\u00e8s de direcci\u00f3. Disseny de Budget follow-up; seguiment pressupost. Informes de gesti\u00f3. Aplicaci\u00f3 als informes est\u00e0ndards internacionals. Training equip financer en aplicaci\u00f3 BI: soluci\u00f3 Zebra BI. Budget Follow-up Serveis a Comit\u00e8s Direcci\u00f3 Seguiment evoluci\u00f3 indicadors. Seguiment evoluci\u00f3 estats financers. Seguiment evoluci\u00f3 tresoreria i endeutament. Seguiment evoluci\u00f3 [&hellip;]<\/p>\n","protected":false},"author":1,"featured_media":0,"parent":2776,"menu_order":0,"comment_status":"closed","ping_status":"closed","template":"","meta":{"_acf_changed":false,"footnotes":""},"class_list":["post-2794","page","type-page","status-publish","hentry"],"acf":[],"yoast_head":"<!-- This site is optimized with the Yoast SEO plugin v25.9 - https:\/\/yoast.com\/wordpress\/plugins\/seo\/ -->\n<title>Farm\u00e0cies - Amsel Assessors<\/title>\n<meta name=\"robots\" content=\"index, follow, max-snippet:-1, max-image-preview:large, max-video-preview:-1\" \/>\n<link rel=\"canonical\" href=\"https:\/\/amsel.es\/ca\/sectors\/farmacies\/\" \/>\n<meta property=\"og:locale\" content=\"ca_ES\" \/>\n<meta property=\"og:type\" content=\"article\" \/>\n<meta property=\"og:title\" content=\"Farm\u00e0cies - Amsel Assessors\" \/>\n<meta property=\"og:description\" content=\"Sector Ind\u00fastria farmac\u00e8utica Reporting + controlling Informes per a comit\u00e8s de direcci\u00f3. Disseny de Budget follow-up; seguiment pressupost. Informes de gesti\u00f3. Aplicaci\u00f3 als informes est\u00e0ndards internacionals. Training equip financer en aplicaci\u00f3 BI: soluci\u00f3 Zebra BI. Budget Follow-up Serveis a Comit\u00e8s Direcci\u00f3 Seguiment evoluci\u00f3 indicadors. Seguiment evoluci\u00f3 estats financers. Seguiment evoluci\u00f3 tresoreria i endeutament. Seguiment evoluci\u00f3 [&hellip;]\" \/>\n<meta property=\"og:url\" content=\"https:\/\/amsel.es\/ca\/sectors\/farmacies\/\" \/>\n<meta property=\"og:site_name\" content=\"Amsel Assessors\" \/>\n<meta property=\"article:modified_time\" content=\"2023-10-20T10:56:09+00:00\" \/>\n<meta name=\"twitter:card\" content=\"summary_large_image\" \/>\n<meta name=\"twitter:label1\" content=\"Temps estimat de lectura\" \/>\n\t<meta name=\"twitter:data1\" content=\"1 minut\" \/>\n<script type=\"application\/ld+json\" class=\"yoast-schema-graph\">{\"@context\":\"https:\/\/schema.org\",\"@graph\":[{\"@type\":\"WebPage\",\"@id\":\"https:\/\/amsel.es\/ca\/sectors\/farmacies\/\",\"url\":\"https:\/\/amsel.es\/ca\/sectors\/farmacies\/\",\"name\":\"Farm\u00e0cies - Amsel Assessors\",\"isPartOf\":{\"@id\":\"https:\/\/amsel.es\/ca\/#website\"},\"datePublished\":\"2023-09-22T12:30:12+00:00\",\"dateModified\":\"2023-10-20T10:56:09+00:00\",\"breadcrumb\":{\"@id\":\"https:\/\/amsel.es\/ca\/sectors\/farmacies\/#breadcrumb\"},\"inLanguage\":\"ca\",\"potentialAction\":[{\"@type\":\"ReadAction\",\"target\":[\"https:\/\/amsel.es\/ca\/sectors\/farmacies\/\"]}]},{\"@type\":\"BreadcrumbList\",\"@id\":\"https:\/\/amsel.es\/ca\/sectors\/farmacies\/#breadcrumb\",\"itemListElement\":[{\"@type\":\"ListItem\",\"position\":1,\"name\":\"Portada\",\"item\":\"https:\/\/amsel.es\/ca\/\"},{\"@type\":\"ListItem\",\"position\":2,\"name\":\"Sectors\",\"item\":\"https:\/\/amsel.es\/ca\/sectors\/\"},{\"@type\":\"ListItem\",\"position\":3,\"name\":\"Farm\u00e0cies\"}]},{\"@type\":\"WebSite\",\"@id\":\"https:\/\/amsel.es\/ca\/#website\",\"url\":\"https:\/\/amsel.es\/ca\/\",\"name\":\"Amsel Assessors\",\"description\":\"\",\"publisher\":{\"@id\":\"https:\/\/amsel.es\/ca\/#organization\"},\"potentialAction\":[{\"@type\":\"SearchAction\",\"target\":{\"@type\":\"EntryPoint\",\"urlTemplate\":\"https:\/\/amsel.es\/ca\/?s={search_term_string}\"},\"query-input\":{\"@type\":\"PropertyValueSpecification\",\"valueRequired\":true,\"valueName\":\"search_term_string\"}}],\"inLanguage\":\"ca\"},{\"@type\":\"Organization\",\"@id\":\"https:\/\/amsel.es\/ca\/#organization\",\"name\":\"Amsel Assessors\",\"url\":\"https:\/\/amsel.es\/ca\/\",\"logo\":{\"@type\":\"ImageObject\",\"inLanguage\":\"ca\",\"@id\":\"https:\/\/amsel.es\/ca\/#\/schema\/logo\/image\/\",\"url\":\"https:\/\/amsel.es\/wp-content\/uploads\/2023\/04\/logo3.png\",\"contentUrl\":\"https:\/\/amsel.es\/wp-content\/uploads\/2023\/04\/logo3.png\",\"width\":199,\"height\":84,\"caption\":\"Amsel Assessors\"},\"image\":{\"@id\":\"https:\/\/amsel.es\/ca\/#\/schema\/logo\/image\/\"}}]}<\/script>\n<!-- \/ Yoast SEO plugin. -->","yoast_head_json":{"title":"Farm\u00e0cies - Amsel Assessors","robots":{"index":"index","follow":"follow","max-snippet":"max-snippet:-1","max-image-preview":"max-image-preview:large","max-video-preview":"max-video-preview:-1"},"canonical":"https:\/\/amsel.es\/ca\/sectors\/farmacies\/","og_locale":"ca_ES","og_type":"article","og_title":"Farm\u00e0cies - Amsel Assessors","og_description":"Sector Ind\u00fastria farmac\u00e8utica Reporting + controlling Informes per a comit\u00e8s de direcci\u00f3. Disseny de Budget follow-up; seguiment pressupost. Informes de gesti\u00f3. Aplicaci\u00f3 als informes est\u00e0ndards internacionals. Training equip financer en aplicaci\u00f3 BI: soluci\u00f3 Zebra BI. Budget Follow-up Serveis a Comit\u00e8s Direcci\u00f3 Seguiment evoluci\u00f3 indicadors. Seguiment evoluci\u00f3 estats financers. Seguiment evoluci\u00f3 tresoreria i endeutament. Seguiment evoluci\u00f3 [&hellip;]","og_url":"https:\/\/amsel.es\/ca\/sectors\/farmacies\/","og_site_name":"Amsel Assessors","article_modified_time":"2023-10-20T10:56:09+00:00","twitter_card":"summary_large_image","twitter_misc":{"Temps estimat de lectura":"1 minut"},"schema":{"@context":"https:\/\/schema.org","@graph":[{"@type":"WebPage","@id":"https:\/\/amsel.es\/ca\/sectors\/farmacies\/","url":"https:\/\/amsel.es\/ca\/sectors\/farmacies\/","name":"Farm\u00e0cies - Amsel Assessors","isPartOf":{"@id":"https:\/\/amsel.es\/ca\/#website"},"datePublished":"2023-09-22T12:30:12+00:00","dateModified":"2023-10-20T10:56:09+00:00","breadcrumb":{"@id":"https:\/\/amsel.es\/ca\/sectors\/farmacies\/#breadcrumb"},"inLanguage":"ca","potentialAction":[{"@type":"ReadAction","target":["https:\/\/amsel.es\/ca\/sectors\/farmacies\/"]}]},{"@type":"BreadcrumbList","@id":"https:\/\/amsel.es\/ca\/sectors\/farmacies\/#breadcrumb","itemListElement":[{"@type":"ListItem","position":1,"name":"Portada","item":"https:\/\/amsel.es\/ca\/"},{"@type":"ListItem","position":2,"name":"Sectors","item":"https:\/\/amsel.es\/ca\/sectors\/"},{"@type":"ListItem","position":3,"name":"Farm\u00e0cies"}]},{"@type":"WebSite","@id":"https:\/\/amsel.es\/ca\/#website","url":"https:\/\/amsel.es\/ca\/","name":"Amsel Assessors","description":"","publisher":{"@id":"https:\/\/amsel.es\/ca\/#organization"},"potentialAction":[{"@type":"SearchAction","target":{"@type":"EntryPoint","urlTemplate":"https:\/\/amsel.es\/ca\/?s={search_term_string}"},"query-input":{"@type":"PropertyValueSpecification","valueRequired":true,"valueName":"search_term_string"}}],"inLanguage":"ca"},{"@type":"Organization","@id":"https:\/\/amsel.es\/ca\/#organization","name":"Amsel Assessors","url":"https:\/\/amsel.es\/ca\/","logo":{"@type":"ImageObject","inLanguage":"ca","@id":"https:\/\/amsel.es\/ca\/#\/schema\/logo\/image\/","url":"https:\/\/amsel.es\/wp-content\/uploads\/2023\/04\/logo3.png","contentUrl":"https:\/\/amsel.es\/wp-content\/uploads\/2023\/04\/logo3.png","width":199,"height":84,"caption":"Amsel Assessors"},"image":{"@id":"https:\/\/amsel.es\/ca\/#\/schema\/logo\/image\/"}}]}},"_links":{"self":[{"href":"https:\/\/amsel.es\/ca\/wp-json\/wp\/v2\/pages\/2794","targetHints":{"allow":["GET"]}}],"collection":[{"href":"https:\/\/amsel.es\/ca\/wp-json\/wp\/v2\/pages"}],"about":[{"href":"https:\/\/amsel.es\/ca\/wp-json\/wp\/v2\/types\/page"}],"author":[{"embeddable":true,"href":"https:\/\/amsel.es\/ca\/wp-json\/wp\/v2\/users\/1"}],"replies":[{"embeddable":true,"href":"https:\/\/amsel.es\/ca\/wp-json\/wp\/v2\/comments?post=2794"}],"version-history":[{"count":2,"href":"https:\/\/amsel.es\/ca\/wp-json\/wp\/v2\/pages\/2794\/revisions"}],"predecessor-version":[{"id":3806,"href":"https:\/\/amsel.es\/ca\/wp-json\/wp\/v2\/pages\/2794\/revisions\/3806"}],"up":[{"embeddable":true,"href":"https:\/\/amsel.es\/ca\/wp-json\/wp\/v2\/pages\/2776"}],"wp:attachment":[{"href":"https:\/\/amsel.es\/ca\/wp-json\/wp\/v2\/media?parent=2794"}],"curies":[{"name":"wp","href":"https:\/\/api.w.org\/{rel}","templated":true}]}}