{"id":4820,"date":"2026-03-12T13:49:48","date_gmt":"2026-03-12T13:49:48","guid":{"rendered":"https:\/\/amsel.es\/?page_id=4820"},"modified":"2026-03-13T06:37:01","modified_gmt":"2026-03-13T06:37:01","slug":"enri-mancuso","status":"publish","type":"page","link":"https:\/\/amsel.es\/ca\/equip\/enri-mancuso\/","title":{"rendered":"Enri Mancuso"},"content":{"rendered":"\t\t<div data-elementor-type=\"wp-page\" data-elementor-id=\"4820\" class=\"elementor elementor-4820 elementor-4819\" data-elementor-post-type=\"page\">\n\t\t\t\t<div class=\"elementor-element elementor-element-4449ca7 e-con-full e-flex e-con e-parent\" data-id=\"4449ca7\" data-element_type=\"container\">\n\t\t\t\t<div class=\"elementor-element elementor-element-c7ee4ed elementor-widget elementor-widget-slider_revolution\" data-id=\"c7ee4ed\" data-element_type=\"widget\" data-widget_type=\"slider_revolution.default\">\n\t\t\t\t<div class=\"elementor-widget-container\">\n\t\t\t\t\t\n\t\t<div class=\"wp-block-themepunch-revslider\">\n\t\t\t<!-- START Equipo REVOLUTION SLIDER 6.7.35 --><p class=\"rs-p-wp-fix\"><\/p>\n\t\t\t<rs-module-wrap id=\"rev_slider_12_1_wrapper\" data-source=\"gallery\" style=\"visibility:hidden;background:transparent;padding:0;margin:0px auto;margin-top:0;margin-bottom:0;\">\n\t\t\t\t<rs-module id=\"rev_slider_12_1\" style=\"\" data-version=\"6.7.35\">\n\t\t\t\t\t<rs-slides style=\"overflow: hidden; position: absolute;\">\n\t\t\t\t\t\t<rs-slide style=\"position: absolute;\" data-key=\"rs-72\" data-title=\"Equipo multidisciplinario\" data-link=\"\/\/amsel.es\/contacto\/\" data-tag=\"l\" data-target=\"_self\" data-seoz=\"front\" data-in=\"o:0;\" data-out=\"a:false;\">\n\t\t\t\t\t\t\t<img decoding=\"async\" src=\"\/\/amsel.es\/wp-content\/plugins\/revslider\/sr6\/assets\/assets\/dummy.png\" alt=\"Equipo multidisciplinario\" title=\"Enri Mancuso\" class=\"rev-slidebg tp-rs-img rs-lazyload\" data-lazyload=\"\/\/amsel.es\/wp-content\/plugins\/revslider\/sr6\/assets\/assets\/transparent.png\" data-no-retina>\n<!--\n\t\t\t\t\t\t\t--><rs-group\n\t\t\t\t\t\t\t\tid=\"slider-12-slide-72-layer-3\" \n\t\t\t\t\t\t\t\tdata-type=\"group\"\n\t\t\t\t\t\t\t\tdata-rsp_ch=\"on\"\n\t\t\t\t\t\t\t\tdata-xy=\"x:c;y:m;\"\n\t\t\t\t\t\t\t\tdata-text=\"w:normal;s:20,20,20,4;l:0,0,0,6;\"\n\t\t\t\t\t\t\t\tdata-dim=\"w:950px,950px,950px,434px;h:146px,146px,146px,100px;\"\n\t\t\t\t\t\t\t\tdata-frame_0=\"o:1;\"\n\t\t\t\t\t\t\t\tdata-frame_999=\"o:0;st:w;sA:9000;\"\n\t\t\t\t\t\t\t\tstyle=\"z-index:7;\"\n\t\t\t\t\t\t\t><!--\n\t\t\t\t\t\t\t\t--><rs-layer\n\t\t\t\t\t\t\t\t\tid=\"slider-12-slide-72-layer-1\" \n\t\t\t\t\t\t\t\t\tdata-type=\"text\"\n\t\t\t\t\t\t\t\t\tdata-bsh=\"c:rgba(0,0,0,0.5);\"\n\t\t\t\t\t\t\t\t\tdata-rsp_ch=\"on\"\n\t\t\t\t\t\t\t\t\tdata-xy=\"y:b;\"\n\t\t\t\t\t\t\t\t\tdata-pos=\"a\"\n\t\t\t\t\t\t\t\t\tdata-text=\"w:normal;s:81,81,81,36;l:91,91,91,46;\"\n\t\t\t\t\t\t\t\t\tdata-dim=\"w:auto,auto,auto,100%;\"\n\t\t\t\t\t\t\t\t\tdata-frame_999=\"o:0;st:w;\"\n\t\t\t\t\t\t\t\t\tstyle=\"z-index:7;font-family:'Frank Ruhl Libre';\"\n\t\t\t\t\t\t\t\t>multidisciplinari \n\t\t\t\t\t\t\t\t<\/rs-layer><!--\n\n\t\t\t\t\t\t\t\t--><rs-layer\n\t\t\t\t\t\t\t\t\tid=\"slider-12-slide-72-layer-2\" \n\t\t\t\t\t\t\t\t\tdata-type=\"text\"\n\t\t\t\t\t\t\t\t\tdata-bsh=\"c:rgba(0,0,0,0.5);\"\n\t\t\t\t\t\t\t\t\tdata-rsp_ch=\"on\"\n\t\t\t\t\t\t\t\t\tdata-xy=\"\"\n\t\t\t\t\t\t\t\t\tdata-pos=\"a\"\n\t\t\t\t\t\t\t\t\tdata-text=\"w:normal;s:41,41,41,36;l:55,55,55,46;\"\n\t\t\t\t\t\t\t\t\tdata-dim=\"w:auto,auto,auto,100%;\"\n\t\t\t\t\t\t\t\t\tdata-frame_999=\"o:0;st:w;\"\n\t\t\t\t\t\t\t\t\tstyle=\"z-index:6;font-family:'Frank Ruhl Libre';\"\n\t\t\t\t\t\t\t\t>Som un equip \n\t\t\t\t\t\t\t\t<\/rs-layer><!--\n\t\t\t\t\t\t\t--><\/rs-group><!--\n\n\t\t\t\t\t\t\t--><rs-layer\n\t\t\t\t\t\t\t\tid=\"slider-12-slide-72-layer-0\" \n\t\t\t\t\t\t\t\tdata-type=\"image\"\n\t\t\t\t\t\t\t\tdata-rsp_ch=\"on\"\n\t\t\t\t\t\t\t\tdata-xy=\"x:c;y:m;\"\n\t\t\t\t\t\t\t\tdata-text=\"w:normal;s:20,20,20,4;l:0,0,0,6;\"\n\t\t\t\t\t\t\t\tdata-dim=\"w:[&#039;100%&#039;,&#039;100%&#039;,&#039;100%&#039;,&#039;100%&#039;];h:[&#039;100%&#039;,&#039;100%&#039;,&#039;100%&#039;,&#039;100%&#039;];\"\n\t\t\t\t\t\t\t\tdata-basealign=\"slide\"\n\t\t\t\t\t\t\t\tdata-frame_999=\"o:0;st:w;\"\n\t\t\t\t\t\t\t\tstyle=\"z-index:6;\"\n\t\t\t\t\t\t\t><img fetchpriority=\"high\" decoding=\"async\" src=\"\/\/amsel.es\/wp-content\/plugins\/revslider\/sr6\/assets\/assets\/dummy.png\" alt=\"\" class=\"tp-rs-img rs-lazyload\" width=\"1527\" height=\"462\" data-lazyload=\"\/\/amsel.es\/wp-content\/uploads\/2023\/09\/slide_historia.png\" data-c=\"cover-proportional\" data-no-retina> \n\t\t\t\t\t\t\t<\/rs-layer><!--\n-->\t\t\t\t\t<\/rs-slide>\n\t\t\t\t\t<\/rs-slides>\n\t\t\t\t<\/rs-module>\n\t\t\t\t<script>\n\t\t\t\t\tsetREVStartSize({c: 'rev_slider_12_1',rl:[1240,1240,1240,480],el:[620,620,620,500],gw:[2560,2560,2560,480],gh:[620,620,620,500],type:'carousel',justify:'',layout:'fullwidth',mh:\"0\"});if (window.RS_MODULES!==undefined && window.RS_MODULES.modules!==undefined && window.RS_MODULES.modules[\"revslider121\"]!==undefined) {window.RS_MODULES.modules[\"revslider121\"].once = false;window.revapi12 = undefined;if (window.RS_MODULES.checkMinimal!==undefined) window.RS_MODULES.checkMinimal()}\n\t\t\t\t<\/script>\n\t\t\t<\/rs-module-wrap>\n\t\t\t<!-- END REVOLUTION SLIDER -->\n<\/div>\n\n\t\t\t\t\t\t<\/div>\n\t\t\t\t<\/div>\n\t\t\t\t<\/div>\n\t\t<div class=\"elementor-element elementor-element-17fdeb5 e-flex e-con-boxed e-con e-parent\" data-id=\"17fdeb5\" data-element_type=\"container\">\n\t\t\t\t\t<div class=\"e-con-inner\">\n\t\t\t\t<div class=\"elementor-element elementor-element-1889c9e elementor-nav-menu__align-start elementor-nav-menu--dropdown-none elementor-widget elementor-widget-nav-menu\" data-id=\"1889c9e\" data-element_type=\"widget\" data-settings=\"{&quot;layout&quot;:&quot;horizontal&quot;,&quot;submenu_icon&quot;:{&quot;value&quot;:&quot;&lt;i class=\\&quot;fas fa-caret-down\\&quot;&gt;&lt;\\\/i&gt;&quot;,&quot;library&quot;:&quot;fa-solid&quot;}}\" data-widget_type=\"nav-menu.default\">\n\t\t\t\t<div class=\"elementor-widget-container\">\n\t\t\t\t\t\t\t\t<nav aria-label=\"Menu\" class=\"elementor-nav-menu--main elementor-nav-menu__container elementor-nav-menu--layout-horizontal e--pointer-none\">\n\t\t\t\t<ul id=\"menu-1-1889c9e\" class=\"elementor-nav-menu\"><li class=\"menu-item menu-item-type-post_type menu-item-object-page menu-item-1657\"><a href=\"https:\/\/amsel.es\/ca\/equip\/albert-vilaseca\/\" class=\"elementor-item\">Albert Vilaseca<\/a><\/li>\n<li class=\"menu-item menu-item-type-post_type menu-item-object-page menu-item-1658\"><a href=\"https:\/\/amsel.es\/ca\/equip\/carles-tome\/\" class=\"elementor-item\">Carles Tom\u00e9<\/a><\/li>\n<li class=\"menu-item menu-item-type-post_type menu-item-object-page menu-item-1659\"><a href=\"https:\/\/amsel.es\/ca\/equip\/daniela-raponi\/\" class=\"elementor-item\">Daniela Raponi<\/a><\/li>\n<li class=\"menu-item menu-item-type-post_type menu-item-object-page menu-item-4837\"><a href=\"https:\/\/amsel.es\/ca\/equip\/enri-mancuso\/\" class=\"elementor-item\">Enri Mancuso<\/a><\/li>\n<li class=\"menu-item menu-item-type-post_type menu-item-object-page menu-item-1660\"><a href=\"https:\/\/amsel.es\/ca\/equip\/marc-vilaseca\/\" class=\"elementor-item\">Marc Vilaseca<\/a><\/li>\n<li class=\"menu-item menu-item-type-post_type menu-item-object-page menu-item-1662\"><a href=\"https:\/\/amsel.es\/ca\/equip\/natalia-galindo\/\" class=\"elementor-item\">Nat\u00e0lia Galindo<\/a><\/li>\n<li class=\"menu-item menu-item-type-post_type menu-item-object-page menu-item-1663\"><a href=\"https:\/\/amsel.es\/ca\/equip\/pilar-ros\/\" class=\"elementor-item\">Pilar Ros<\/a><\/li>\n<li class=\"menu-item menu-item-type-post_type menu-item-object-page menu-item-1664\"><a href=\"https:\/\/amsel.es\/ca\/equip\/rosaura-peso\/\" class=\"elementor-item\">Rosaura Peso<\/a><\/li>\n<li class=\"menu-item menu-item-type-post_type menu-item-object-page menu-item-1665\"><a href=\"https:\/\/amsel.es\/ca\/equip\/tete-wang\/\" class=\"elementor-item\">Tete Wang<\/a><\/li>\n<li class=\"menu-item menu-item-type-post_type menu-item-object-page menu-item-1666\"><a href=\"https:\/\/amsel.es\/ca\/equip\/valenti-vilaseca\/\" class=\"elementor-item\">Valent\u00ed Vilaseca<\/a><\/li>\n<li class=\"menu-item menu-item-type-post_type menu-item-object-page menu-item-1667\"><a href=\"https:\/\/amsel.es\/ca\/equip\/xavier-subirats\/\" class=\"elementor-item\">Xavier Subirats<\/a><\/li>\n<\/ul>\t\t\t<\/nav>\n\t\t\t\t\t\t<nav class=\"elementor-nav-menu--dropdown elementor-nav-menu__container\" aria-hidden=\"true\">\n\t\t\t\t<ul id=\"menu-2-1889c9e\" class=\"elementor-nav-menu\"><li class=\"menu-item menu-item-type-post_type menu-item-object-page menu-item-1657\"><a href=\"https:\/\/amsel.es\/ca\/equip\/albert-vilaseca\/\" class=\"elementor-item\" tabindex=\"-1\">Albert Vilaseca<\/a><\/li>\n<li class=\"menu-item menu-item-type-post_type menu-item-object-page menu-item-1658\"><a href=\"https:\/\/amsel.es\/ca\/equip\/carles-tome\/\" class=\"elementor-item\" tabindex=\"-1\">Carles Tom\u00e9<\/a><\/li>\n<li class=\"menu-item menu-item-type-post_type menu-item-object-page menu-item-1659\"><a href=\"https:\/\/amsel.es\/ca\/equip\/daniela-raponi\/\" class=\"elementor-item\" tabindex=\"-1\">Daniela Raponi<\/a><\/li>\n<li class=\"menu-item menu-item-type-post_type menu-item-object-page menu-item-4837\"><a href=\"https:\/\/amsel.es\/ca\/equip\/enri-mancuso\/\" class=\"elementor-item\" tabindex=\"-1\">Enri Mancuso<\/a><\/li>\n<li class=\"menu-item menu-item-type-post_type menu-item-object-page menu-item-1660\"><a href=\"https:\/\/amsel.es\/ca\/equip\/marc-vilaseca\/\" class=\"elementor-item\" tabindex=\"-1\">Marc Vilaseca<\/a><\/li>\n<li class=\"menu-item menu-item-type-post_type menu-item-object-page menu-item-1662\"><a href=\"https:\/\/amsel.es\/ca\/equip\/natalia-galindo\/\" class=\"elementor-item\" tabindex=\"-1\">Nat\u00e0lia Galindo<\/a><\/li>\n<li class=\"menu-item menu-item-type-post_type menu-item-object-page menu-item-1663\"><a href=\"https:\/\/amsel.es\/ca\/equip\/pilar-ros\/\" class=\"elementor-item\" tabindex=\"-1\">Pilar Ros<\/a><\/li>\n<li class=\"menu-item menu-item-type-post_type menu-item-object-page menu-item-1664\"><a href=\"https:\/\/amsel.es\/ca\/equip\/rosaura-peso\/\" class=\"elementor-item\" tabindex=\"-1\">Rosaura Peso<\/a><\/li>\n<li class=\"menu-item menu-item-type-post_type menu-item-object-page menu-item-1665\"><a href=\"https:\/\/amsel.es\/ca\/equip\/tete-wang\/\" class=\"elementor-item\" tabindex=\"-1\">Tete Wang<\/a><\/li>\n<li class=\"menu-item menu-item-type-post_type menu-item-object-page menu-item-1666\"><a href=\"https:\/\/amsel.es\/ca\/equip\/valenti-vilaseca\/\" class=\"elementor-item\" tabindex=\"-1\">Valent\u00ed Vilaseca<\/a><\/li>\n<li class=\"menu-item menu-item-type-post_type menu-item-object-page menu-item-1667\"><a href=\"https:\/\/amsel.es\/ca\/equip\/xavier-subirats\/\" class=\"elementor-item\" tabindex=\"-1\">Xavier Subirats<\/a><\/li>\n<\/ul>\t\t\t<\/nav>\n\t\t\t\t\t\t<\/div>\n\t\t\t\t<\/div>\n\t\t\t\t\t<\/div>\n\t\t\t\t<\/div>\n\t\t<div class=\"elementor-element elementor-element-c325b16 e-flex e-con-boxed e-con e-parent\" data-id=\"c325b16\" data-element_type=\"container\">\n\t\t\t\t\t<div class=\"e-con-inner\">\n\t\t<div class=\"elementor-element elementor-element-d376b17 e-con-full e-flex e-con e-child\" data-id=\"d376b17\" data-element_type=\"container\" data-settings=\"{&quot;background_background&quot;:&quot;classic&quot;}\">\n\t\t<div class=\"elementor-element elementor-element-b6ab8a3 e-con-full e-flex e-con e-child\" data-id=\"b6ab8a3\" data-element_type=\"container\">\n\t\t\t\t<div class=\"elementor-element elementor-element-1bf88c6 elementor-widget elementor-widget-heading\" data-id=\"1bf88c6\" data-element_type=\"widget\" data-widget_type=\"heading.default\">\n\t\t\t\t<div class=\"elementor-widget-container\">\n\t\t\t\t\t<h2 class=\"elementor-heading-title elementor-size-default\">Enri<\/h2>\t\t\t\t<\/div>\n\t\t\t\t<\/div>\n\t\t\t\t<div class=\"elementor-element elementor-element-12f09ce elementor-widget elementor-widget-heading\" data-id=\"12f09ce\" data-element_type=\"widget\" data-widget_type=\"heading.default\">\n\t\t\t\t<div class=\"elementor-widget-container\">\n\t\t\t\t\t<h2 class=\"elementor-heading-title elementor-size-default\">Mancuso<\/h2>\t\t\t\t<\/div>\n\t\t\t\t<\/div>\n\t\t\t\t<div class=\"elementor-element elementor-element-86dea9f elementor-widget elementor-widget-text-editor\" data-id=\"86dea9f\" data-element_type=\"widget\" data-widget_type=\"text-editor.default\">\n\t\t\t\t<div class=\"elementor-widget-container\">\n\t\t\t\t\t\t\t\t\t<p>Llicenciada en Dret<\/p>\t\t\t\t\t\t\t\t<\/div>\n\t\t\t\t<\/div>\n\t\t\t\t<div class=\"elementor-element elementor-element-05b737e elementor-icon-list--layout-traditional elementor-list-item-link-full_width elementor-widget elementor-widget-icon-list\" data-id=\"05b737e\" data-element_type=\"widget\" data-widget_type=\"icon-list.default\">\n\t\t\t\t<div class=\"elementor-widget-container\">\n\t\t\t\t\t\t\t<ul class=\"elementor-icon-list-items\">\n\t\t\t\t\t\t\t<li class=\"elementor-icon-list-item\">\n\t\t\t\t\t\t\t\t\t\t\t<span class=\"elementor-icon-list-icon\">\n\t\t\t\t\t\t\t<i aria-hidden=\"true\" class=\"fas fa-envelope\"><\/i>\t\t\t\t\t\t<\/span>\n\t\t\t\t\t\t\t\t\t\t<span class=\"elementor-icon-list-text\">emancuso@amsel.es<\/span>\n\t\t\t\t\t\t\t\t\t<\/li>\n\t\t\t\t\t\t<\/ul>\n\t\t\t\t\t\t<\/div>\n\t\t\t\t<\/div>\n\t\t\t\t<\/div>\n\t\t\t\t<div class=\"elementor-element elementor-element-e84a21b elementor-widget elementor-widget-image\" data-id=\"e84a21b\" data-element_type=\"widget\" data-widget_type=\"image.default\">\n\t\t\t\t<div class=\"elementor-widget-container\">\n\t\t\t\t\t\t\t\t\t\t\t\t\t\t\t<img decoding=\"async\" width=\"275\" height=\"207\" src=\"https:\/\/amsel.es\/wp-content\/uploads\/2023\/09\/enrimarcurso_al.png\" class=\"attachment-full size-full wp-image-4816\" alt=\"\" \/>\t\t\t\t\t\t\t\t\t\t\t\t\t\t\t<\/div>\n\t\t\t\t<\/div>\n\t\t\t\t<\/div>\n\t\t<div class=\"elementor-element elementor-element-3d22b05 e-con-full e-flex e-con e-child\" data-id=\"3d22b05\" data-element_type=\"container\">\n\t\t<div class=\"elementor-element elementor-element-1cf7ff0 e-con-full e-flex e-con e-child\" data-id=\"1cf7ff0\" data-element_type=\"container\">\n\t\t\t\t<div class=\"elementor-element elementor-element-a8ff56f elementor-widget elementor-widget-heading\" data-id=\"a8ff56f\" data-element_type=\"widget\" data-widget_type=\"heading.default\">\n\t\t\t\t<div class=\"elementor-widget-container\">\n\t\t\t\t\t<h2 class=\"elementor-heading-title elementor-size-default\">Enri Mancuso<\/h2>\t\t\t\t<\/div>\n\t\t\t\t<\/div>\n\t\t\t\t<div class=\"elementor-element elementor-element-891b92f elementor-widget elementor-widget-heading\" data-id=\"891b92f\" data-element_type=\"widget\" data-widget_type=\"heading.default\">\n\t\t\t\t<div class=\"elementor-widget-container\">\n\t\t\t\t\t<h2 class=\"elementor-heading-title elementor-size-default\">Llicenciada en Dret per la Universitat de Barcelona<\/h2>\t\t\t\t<\/div>\n\t\t\t\t<\/div>\n\t\t\t\t<div class=\"elementor-element elementor-element-feb9133 elementor-widget-divider--view-line elementor-widget elementor-widget-divider\" data-id=\"feb9133\" data-element_type=\"widget\" data-widget_type=\"divider.default\">\n\t\t\t\t<div class=\"elementor-widget-container\">\n\t\t\t\t\t\t\t<div class=\"elementor-divider\">\n\t\t\t<span class=\"elementor-divider-separator\">\n\t\t\t\t\t\t<\/span>\n\t\t<\/div>\n\t\t\t\t\t\t<\/div>\n\t\t\t\t<\/div>\n\t\t\t\t<div class=\"elementor-element elementor-element-9c7642f elementor-widget elementor-widget-heading\" data-id=\"9c7642f\" data-element_type=\"widget\" data-widget_type=\"heading.default\">\n\t\t\t\t<div class=\"elementor-widget-container\">\n\t\t\t\t\t<h3 class=\"elementor-heading-title elementor-size-default\">M\u00e0ster en Assessoria Fiscal i Direcci\u00f3 tribut\u00e0ria a EAE Barcelona.<\/h3>\t\t\t\t<\/div>\n\t\t\t\t<\/div>\n\t\t\t\t<div class=\"elementor-element elementor-element-c7e8f28 elementor-widget elementor-widget-text-editor\" data-id=\"c7e8f28\" data-element_type=\"widget\" data-widget_type=\"text-editor.default\">\n\t\t\t\t<div class=\"elementor-widget-container\">\n\t\t\t\t\t\t\t\t\t<p>Compte amb una \u00e0mplia i dilatada experi\u00e8ncia en gesti\u00f3 comptable, legal i fiscal.<\/p>\t\t\t\t\t\t\t\t<\/div>\n\t\t\t\t<\/div>\n\t\t\t\t<div class=\"elementor-element elementor-element-fdb786f elementor-widget elementor-widget-text-editor\" data-id=\"fdb786f\" data-element_type=\"widget\" data-widget_type=\"text-editor.default\">\n\t\t\t\t<div class=\"elementor-widget-container\">\n\t\t\t\t\t\t\t\t\t<p>La seva experi\u00e8ncia a l&#8217;assessoria fiscal i comptable continuada supera els 25 anys d&#8217;antiguitat.<\/p>\t\t\t\t\t\t\t\t<\/div>\n\t\t\t\t<\/div>\n\t\t\t\t<\/div>\n\t\t\t\t<\/div>\n\t\t\t\t\t<\/div>\n\t\t\t\t<\/div>\n\t\t\t\t<\/div>\n\t\t","protected":false},"excerpt":{"rendered":"<p>Enri Mancuso Llicenciada en Dret emancuso@amsel.es Llicenciada en Dret per la Universitat de Barcelona M\u00e0ster en Assessoria Fiscal i Direcci\u00f3 tribut\u00e0ria a EAE Barcelona. Compte amb una \u00e0mplia i dilatada experi\u00e8ncia en gesti\u00f3 comptable, legal i fiscal. La seva experi\u00e8ncia a l&#8217;assessoria fiscal i comptable continuada supera els 25 anys d&#8217;antiguitat.<\/p>\n","protected":false},"author":1,"featured_media":0,"parent":1599,"menu_order":0,"comment_status":"closed","ping_status":"closed","template":"","meta":{"_acf_changed":false,"footnotes":""},"class_list":["post-4820","page","type-page","status-publish","hentry"],"acf":[],"yoast_head":"<!-- This site is optimized with the Yoast SEO plugin v25.9 - https:\/\/yoast.com\/wordpress\/plugins\/seo\/ -->\n<title>Enri Mancuso - Amsel Assessors<\/title>\n<meta name=\"robots\" content=\"index, follow, max-snippet:-1, max-image-preview:large, max-video-preview:-1\" \/>\n<link rel=\"canonical\" href=\"https:\/\/amsel.es\/ca\/equip\/enri-mancuso\/\" \/>\n<meta property=\"og:locale\" content=\"ca_ES\" \/>\n<meta property=\"og:type\" content=\"article\" \/>\n<meta property=\"og:title\" content=\"Enri Mancuso - Amsel Assessors\" \/>\n<meta property=\"og:description\" content=\"Enri Mancuso Llicenciada en Dret emancuso@amsel.es Llicenciada en Dret per la Universitat de Barcelona M\u00e0ster en Assessoria Fiscal i Direcci\u00f3 tribut\u00e0ria a EAE Barcelona. Compte amb una \u00e0mplia i dilatada experi\u00e8ncia en gesti\u00f3 comptable, legal i fiscal. La seva experi\u00e8ncia a l&#8217;assessoria fiscal i comptable continuada supera els 25 anys d&#8217;antiguitat.\" \/>\n<meta property=\"og:url\" content=\"https:\/\/amsel.es\/ca\/equip\/enri-mancuso\/\" \/>\n<meta property=\"og:site_name\" content=\"Amsel Assessors\" \/>\n<meta property=\"article:modified_time\" content=\"2026-03-13T06:37:01+00:00\" \/>\n<meta property=\"og:image\" content=\"https:\/\/amsel.es\/wp-content\/uploads\/2023\/09\/enrimarcurso_al.png\" \/>\n<meta name=\"twitter:card\" content=\"summary_large_image\" \/>\n<meta name=\"twitter:label1\" content=\"Temps estimat de lectura\" \/>\n\t<meta name=\"twitter:data1\" content=\"1 minut\" \/>\n<script type=\"application\/ld+json\" class=\"yoast-schema-graph\">{\"@context\":\"https:\/\/schema.org\",\"@graph\":[{\"@type\":\"WebPage\",\"@id\":\"https:\/\/amsel.es\/ca\/equip\/enri-mancuso\/\",\"url\":\"https:\/\/amsel.es\/ca\/equip\/enri-mancuso\/\",\"name\":\"Enri Mancuso - Amsel Assessors\",\"isPartOf\":{\"@id\":\"https:\/\/amsel.es\/ca\/#website\"},\"primaryImageOfPage\":{\"@id\":\"https:\/\/amsel.es\/ca\/equip\/enri-mancuso\/#primaryimage\"},\"image\":{\"@id\":\"https:\/\/amsel.es\/ca\/equip\/enri-mancuso\/#primaryimage\"},\"thumbnailUrl\":\"https:\/\/amsel.es\/wp-content\/uploads\/2023\/09\/enrimarcurso_al.png\",\"datePublished\":\"2026-03-12T13:49:48+00:00\",\"dateModified\":\"2026-03-13T06:37:01+00:00\",\"breadcrumb\":{\"@id\":\"https:\/\/amsel.es\/ca\/equip\/enri-mancuso\/#breadcrumb\"},\"inLanguage\":\"ca\",\"potentialAction\":[{\"@type\":\"ReadAction\",\"target\":[\"https:\/\/amsel.es\/ca\/equip\/enri-mancuso\/\"]}]},{\"@type\":\"ImageObject\",\"inLanguage\":\"ca\",\"@id\":\"https:\/\/amsel.es\/ca\/equip\/enri-mancuso\/#primaryimage\",\"url\":\"https:\/\/amsel.es\/wp-content\/uploads\/2023\/09\/enrimarcurso_al.png\",\"contentUrl\":\"https:\/\/amsel.es\/wp-content\/uploads\/2023\/09\/enrimarcurso_al.png\"},{\"@type\":\"BreadcrumbList\",\"@id\":\"https:\/\/amsel.es\/ca\/equip\/enri-mancuso\/#breadcrumb\",\"itemListElement\":[{\"@type\":\"ListItem\",\"position\":1,\"name\":\"Portada\",\"item\":\"https:\/\/amsel.es\/ca\/\"},{\"@type\":\"ListItem\",\"position\":2,\"name\":\"Equip\",\"item\":\"https:\/\/amsel.es\/ca\/equip\/\"},{\"@type\":\"ListItem\",\"position\":3,\"name\":\"Enri Mancuso\"}]},{\"@type\":\"WebSite\",\"@id\":\"https:\/\/amsel.es\/ca\/#website\",\"url\":\"https:\/\/amsel.es\/ca\/\",\"name\":\"Amsel Assessors\",\"description\":\"\",\"publisher\":{\"@id\":\"https:\/\/amsel.es\/ca\/#organization\"},\"potentialAction\":[{\"@type\":\"SearchAction\",\"target\":{\"@type\":\"EntryPoint\",\"urlTemplate\":\"https:\/\/amsel.es\/ca\/?s={search_term_string}\"},\"query-input\":{\"@type\":\"PropertyValueSpecification\",\"valueRequired\":true,\"valueName\":\"search_term_string\"}}],\"inLanguage\":\"ca\"},{\"@type\":\"Organization\",\"@id\":\"https:\/\/amsel.es\/ca\/#organization\",\"name\":\"Amsel Assessors\",\"url\":\"https:\/\/amsel.es\/ca\/\",\"logo\":{\"@type\":\"ImageObject\",\"inLanguage\":\"ca\",\"@id\":\"https:\/\/amsel.es\/ca\/#\/schema\/logo\/image\/\",\"url\":\"https:\/\/amsel.es\/wp-content\/uploads\/2023\/04\/logo3.png\",\"contentUrl\":\"https:\/\/amsel.es\/wp-content\/uploads\/2023\/04\/logo3.png\",\"width\":199,\"height\":84,\"caption\":\"Amsel Assessors\"},\"image\":{\"@id\":\"https:\/\/amsel.es\/ca\/#\/schema\/logo\/image\/\"}}]}<\/script>\n<!-- \/ Yoast SEO plugin. -->","yoast_head_json":{"title":"Enri Mancuso - Amsel Assessors","robots":{"index":"index","follow":"follow","max-snippet":"max-snippet:-1","max-image-preview":"max-image-preview:large","max-video-preview":"max-video-preview:-1"},"canonical":"https:\/\/amsel.es\/ca\/equip\/enri-mancuso\/","og_locale":"ca_ES","og_type":"article","og_title":"Enri Mancuso - Amsel Assessors","og_description":"Enri Mancuso Llicenciada en Dret emancuso@amsel.es Llicenciada en Dret per la Universitat de Barcelona M\u00e0ster en Assessoria Fiscal i Direcci\u00f3 tribut\u00e0ria a EAE Barcelona. Compte amb una \u00e0mplia i dilatada experi\u00e8ncia en gesti\u00f3 comptable, legal i fiscal. La seva experi\u00e8ncia a l&#8217;assessoria fiscal i comptable continuada supera els 25 anys d&#8217;antiguitat.","og_url":"https:\/\/amsel.es\/ca\/equip\/enri-mancuso\/","og_site_name":"Amsel Assessors","article_modified_time":"2026-03-13T06:37:01+00:00","og_image":[{"url":"https:\/\/amsel.es\/wp-content\/uploads\/2023\/09\/enrimarcurso_al.png","type":"","width":"","height":""}],"twitter_card":"summary_large_image","twitter_misc":{"Temps estimat de lectura":"1 minut"},"schema":{"@context":"https:\/\/schema.org","@graph":[{"@type":"WebPage","@id":"https:\/\/amsel.es\/ca\/equip\/enri-mancuso\/","url":"https:\/\/amsel.es\/ca\/equip\/enri-mancuso\/","name":"Enri Mancuso - Amsel Assessors","isPartOf":{"@id":"https:\/\/amsel.es\/ca\/#website"},"primaryImageOfPage":{"@id":"https:\/\/amsel.es\/ca\/equip\/enri-mancuso\/#primaryimage"},"image":{"@id":"https:\/\/amsel.es\/ca\/equip\/enri-mancuso\/#primaryimage"},"thumbnailUrl":"https:\/\/amsel.es\/wp-content\/uploads\/2023\/09\/enrimarcurso_al.png","datePublished":"2026-03-12T13:49:48+00:00","dateModified":"2026-03-13T06:37:01+00:00","breadcrumb":{"@id":"https:\/\/amsel.es\/ca\/equip\/enri-mancuso\/#breadcrumb"},"inLanguage":"ca","potentialAction":[{"@type":"ReadAction","target":["https:\/\/amsel.es\/ca\/equip\/enri-mancuso\/"]}]},{"@type":"ImageObject","inLanguage":"ca","@id":"https:\/\/amsel.es\/ca\/equip\/enri-mancuso\/#primaryimage","url":"https:\/\/amsel.es\/wp-content\/uploads\/2023\/09\/enrimarcurso_al.png","contentUrl":"https:\/\/amsel.es\/wp-content\/uploads\/2023\/09\/enrimarcurso_al.png"},{"@type":"BreadcrumbList","@id":"https:\/\/amsel.es\/ca\/equip\/enri-mancuso\/#breadcrumb","itemListElement":[{"@type":"ListItem","position":1,"name":"Portada","item":"https:\/\/amsel.es\/ca\/"},{"@type":"ListItem","position":2,"name":"Equip","item":"https:\/\/amsel.es\/ca\/equip\/"},{"@type":"ListItem","position":3,"name":"Enri Mancuso"}]},{"@type":"WebSite","@id":"https:\/\/amsel.es\/ca\/#website","url":"https:\/\/amsel.es\/ca\/","name":"Amsel Assessors","description":"","publisher":{"@id":"https:\/\/amsel.es\/ca\/#organization"},"potentialAction":[{"@type":"SearchAction","target":{"@type":"EntryPoint","urlTemplate":"https:\/\/amsel.es\/ca\/?s={search_term_string}"},"query-input":{"@type":"PropertyValueSpecification","valueRequired":true,"valueName":"search_term_string"}}],"inLanguage":"ca"},{"@type":"Organization","@id":"https:\/\/amsel.es\/ca\/#organization","name":"Amsel Assessors","url":"https:\/\/amsel.es\/ca\/","logo":{"@type":"ImageObject","inLanguage":"ca","@id":"https:\/\/amsel.es\/ca\/#\/schema\/logo\/image\/","url":"https:\/\/amsel.es\/wp-content\/uploads\/2023\/04\/logo3.png","contentUrl":"https:\/\/amsel.es\/wp-content\/uploads\/2023\/04\/logo3.png","width":199,"height":84,"caption":"Amsel Assessors"},"image":{"@id":"https:\/\/amsel.es\/ca\/#\/schema\/logo\/image\/"}}]}},"_links":{"self":[{"href":"https:\/\/amsel.es\/ca\/wp-json\/wp\/v2\/pages\/4820","targetHints":{"allow":["GET"]}}],"collection":[{"href":"https:\/\/amsel.es\/ca\/wp-json\/wp\/v2\/pages"}],"about":[{"href":"https:\/\/amsel.es\/ca\/wp-json\/wp\/v2\/types\/page"}],"author":[{"embeddable":true,"href":"https:\/\/amsel.es\/ca\/wp-json\/wp\/v2\/users\/1"}],"replies":[{"embeddable":true,"href":"https:\/\/amsel.es\/ca\/wp-json\/wp\/v2\/comments?post=4820"}],"version-history":[{"count":10,"href":"https:\/\/amsel.es\/ca\/wp-json\/wp\/v2\/pages\/4820\/revisions"}],"predecessor-version":[{"id":4846,"href":"https:\/\/amsel.es\/ca\/wp-json\/wp\/v2\/pages\/4820\/revisions\/4846"}],"up":[{"embeddable":true,"href":"https:\/\/amsel.es\/ca\/wp-json\/wp\/v2\/pages\/1599"}],"wp:attachment":[{"href":"https:\/\/amsel.es\/ca\/wp-json\/wp\/v2\/media?parent=4820"}],"curies":[{"name":"wp","href":"https:\/\/api.w.org\/{rel}","templated":true}]}}